{"id":1157,"date":"2016-03-15T19:17:38","date_gmt":"2016-03-15T22:17:38","guid":{"rendered":"https:\/\/balanzasvesta.com\/pt-br\/?page_id=1157"},"modified":"2016-06-06T16:38:34","modified_gmt":"2016-06-06T19:38:34","slug":"produtos","status":"publish","type":"page","link":"https:\/\/balanzasvesta.com\/pt-br\/produtos\/","title":{"rendered":"Nossos produtos"},"content":{"rendered":"<p>[vc_row][vc_column][vc_empty_space height=&#8221;50px&#8221;]<div id=\"practice-area\" class=\"practice-area \"><div class=\"container\"><div class=\"row text-center\"><div class=\"isotope-nav\" data-isotope-nav=\"isotope\"><ul><li><a class=\"active\" href=\"#\" data-filter=\"*\">All<\/a><\/li><li><a href=\"#\" data-filter=\".balanca-de-gado\">balanca-de-gado<\/a><\/li><li><a href=\"#\" data-filter=\".balancas-agricolas\">balancas-agricolas<\/a><\/li><li><a href=\"#\" data-filter=\".balancas-industriais\">balancas-industriais<\/a><\/li><li><a href=\"#\" data-filter=\".fornecimentos\">fornecimentos<\/a><\/li><li><a href=\"#\" data-filter=\".parceiros\">parceiros<\/a><\/li><\/ul><\/div><\/div><div class=\"row\"><div id=\"isotope\" class=\"isotope\"><div class=\"col-sm-4  balanca-de-gado isotope-item text-center\"><div class=\"isotop-img-conatiner\"><img loading=\"lazy\" decoding=\"async\" width=\"600\" height=\"450\" src=\"https:\/\/balanzasvesta.com\/wp-content\/uploads\/balanzas-para-mixers-vesta-600x450.jpg\" class=\"img-responsive wp-post-image\" alt=\"balanzas para mixers\" \/><a class=\"isotop-readmore\" href=\"https:\/\/balanzasvesta.com\/pt-br\/product\/balancas-para-mixers-2\/\"><i class=\"fa fa-link\"><\/i><\/a><\/div><div class=\"isotope-item-title\"><h3><a href=\"https:\/\/balanzasvesta.com\/pt-br\/product\/balancas-para-mixers-2\/\">Balan\u00e7as para Mixers<\/a><\/h3><\/div><div class=\"isotope-item-bottom\"><i class=\"fa fa-folder-open-o\">&nbsp;<\/i><ul class=\"isotope-item-tags\"><li> balanca-de-gado<\/li><\/ul><span class=\"isotope-item-hits\"><i class=\"fa fa-heart-o\">&nbsp;<\/i>2792<\/span><\/div><\/div><div class=\"col-sm-4  balancas-agricolas isotope-item text-center\"><div class=\"isotop-img-conatiner\"><img loading=\"lazy\" decoding=\"async\" width=\"600\" height=\"450\" src=\"https:\/\/balanzasvesta.com\/wp-content\/uploads\/balanzas-para-tolvas-autodescargables-vesta-01-600x450.jpg\" class=\"img-responsive wp-post-image\" alt=\"\" \/><a class=\"isotop-readmore\" href=\"https:\/\/balanzasvesta.com\/pt-br\/product\/balancas-para-carretas-graneleiras\/\"><i class=\"fa fa-link\"><\/i><\/a><\/div><div class=\"isotope-item-title\"><h3><a href=\"https:\/\/balanzasvesta.com\/pt-br\/product\/balancas-para-carretas-graneleiras\/\">Balan\u00e7as para Carretas Graneleiras<\/a><\/h3><\/div><div class=\"isotope-item-bottom\"><i class=\"fa fa-folder-open-o\">&nbsp;<\/i><ul class=\"isotope-item-tags\"><li> balancas-agricolas<\/li><\/ul><span class=\"isotope-item-hits\"><i class=\"fa fa-heart-o\">&nbsp;<\/i>5387<\/span><\/div><\/div><div class=\"col-sm-4  balanca-de-gado isotope-item text-center\"><div class=\"isotop-img-conatiner\"><img loading=\"lazy\" decoding=\"async\" width=\"600\" height=\"450\" src=\"https:\/\/balanzasvesta.com\/wp-content\/uploads\/balanzas-hacienda-vesta-01-600x450.jpg\" class=\"img-responsive wp-post-image\" alt=\"\" \/><a class=\"isotop-readmore\" href=\"https:\/\/balanzasvesta.com\/pt-br\/product\/balancas-agropecuarias\/\"><i class=\"fa fa-link\"><\/i><\/a><\/div><div class=\"isotope-item-title\"><h3><a href=\"https:\/\/balanzasvesta.com\/pt-br\/product\/balancas-agropecuarias\/\">Balan\u00e7as Agropecuarias<\/a><\/h3><\/div><div class=\"isotope-item-bottom\"><i class=\"fa fa-folder-open-o\">&nbsp;<\/i><ul class=\"isotope-item-tags\"><li> balanca-de-gado<\/li><\/ul><span class=\"isotope-item-hits\"><i class=\"fa fa-heart-o\">&nbsp;<\/i>4169<\/span><\/div><\/div><div class=\"col-sm-4  balancas-agricolas isotope-item text-center\"><div class=\"isotop-img-conatiner\"><img loading=\"lazy\" decoding=\"async\" width=\"600\" height=\"450\" src=\"https:\/\/balanzasvesta.com\/wp-content\/uploads\/balanzas-para-fertilizadoras-vesta-033-600x450.jpg\" class=\"img-responsive wp-post-image\" alt=\"\" \/><a class=\"isotop-readmore\" href=\"https:\/\/balanzasvesta.com\/pt-br\/product\/balancas-para-fertilizadoras\/\"><i class=\"fa fa-link\"><\/i><\/a><\/div><div class=\"isotope-item-title\"><h3><a href=\"https:\/\/balanzasvesta.com\/pt-br\/product\/balancas-para-fertilizadoras\/\">Balan\u00e7as para Fertilizadoras<\/a><\/h3><\/div><div class=\"isotope-item-bottom\"><i class=\"fa fa-folder-open-o\">&nbsp;<\/i><ul class=\"isotope-item-tags\"><li> balancas-agricolas<\/li><\/ul><span class=\"isotope-item-hits\"><i class=\"fa fa-heart-o\">&nbsp;<\/i>2093<\/span><\/div><\/div><div class=\"col-sm-4  balanca-de-gado isotope-item text-center\"><div class=\"isotop-img-conatiner\"><img loading=\"lazy\" decoding=\"async\" width=\"564\" height=\"443\" src=\"https:\/\/balanzasvesta.com\/wp-content\/uploads\/lectorbaqueano-portada-productos.jpg\" class=\"img-responsive wp-post-image\" alt=\"lectorbaqueano-portada-productos\" srcset=\"https:\/\/balanzasvesta.com\/wp-content\/uploads\/lectorbaqueano-portada-productos.jpg 564w, https:\/\/balanzasvesta.com\/wp-content\/uploads\/lectorbaqueano-portada-productos-300x236.jpg 300w\" sizes=\"auto, (max-width: 564px) 100vw, 564px\" \/><a class=\"isotop-readmore\" href=\"https:\/\/balanzasvesta.com\/pt-br\/product\/leitor-de-caravanas-bqn\/\"><i class=\"fa fa-link\"><\/i><\/a><\/div><div class=\"isotope-item-title\"><h3><a href=\"https:\/\/balanzasvesta.com\/pt-br\/product\/leitor-de-caravanas-bqn\/\">Leitor de Caravanas BQN<\/a><\/h3><\/div><div class=\"isotope-item-bottom\"><i class=\"fa fa-folder-open-o\">&nbsp;<\/i><ul class=\"isotope-item-tags\"><li> balanca-de-gado<\/li><\/ul><span class=\"isotope-item-hits\"><i class=\"fa fa-heart-o\">&nbsp;<\/i>3279<\/span><\/div><\/div><div class=\"col-sm-4  balanca-de-gado isotope-item text-center\"><div class=\"isotop-img-conatiner\"><img loading=\"lazy\" decoding=\"async\" width=\"600\" height=\"450\" src=\"https:\/\/balanzasvesta.com\/wp-content\/uploads\/caravanas1-600x450.jpg\" class=\"img-responsive wp-post-image\" alt=\"\" \/><a class=\"isotop-readmore\" href=\"https:\/\/balanzasvesta.com\/pt-br\/product\/caravanas-eletronicos-para-o-gado\/\"><i class=\"fa fa-link\"><\/i><\/a><\/div><div class=\"isotope-item-title\"><h3><a href=\"https:\/\/balanzasvesta.com\/pt-br\/product\/caravanas-eletronicos-para-o-gado\/\">Caravanas eletr\u00f4nicos para o gado<\/a><\/h3><\/div><div class=\"isotope-item-bottom\"><i class=\"fa fa-folder-open-o\">&nbsp;<\/i><ul class=\"isotope-item-tags\"><li> balanca-de-gado<\/li><\/ul><span class=\"isotope-item-hits\"><i class=\"fa fa-heart-o\">&nbsp;<\/i>3407<\/span><\/div><\/div><div class=\"col-sm-4  balancas-industriais isotope-item text-center\"><div class=\"isotop-img-conatiner\"><img loading=\"lazy\" decoding=\"async\" width=\"600\" height=\"450\" src=\"https:\/\/balanzasvesta.com\/wp-content\/uploads\/balanzas-para-tanques-y-tolvas-vesta-01-600x450.jpg\" class=\"img-responsive wp-post-image\" alt=\"\" \/><a class=\"isotop-readmore\" href=\"https:\/\/balanzasvesta.com\/pt-br\/product\/pesagem-de-tanques-e-tremonhas\/\"><i class=\"fa fa-link\"><\/i><\/a><\/div><div class=\"isotope-item-title\"><h3><a href=\"https:\/\/balanzasvesta.com\/pt-br\/product\/pesagem-de-tanques-e-tremonhas\/\">Balan\u00e7as para Pesagem de Tanques e Tremonhas<\/a><\/h3><\/div><div class=\"isotope-item-bottom\"><i class=\"fa fa-folder-open-o\">&nbsp;<\/i><ul class=\"isotope-item-tags\"><li> balancas-industriais<\/li><\/ul><span class=\"isotope-item-hits\"><i class=\"fa fa-heart-o\">&nbsp;<\/i>2742<\/span><\/div><\/div><div class=\"col-sm-4  balancas-agricolas isotope-item text-center\"><div class=\"isotop-img-conatiner\"><img loading=\"lazy\" decoding=\"async\" width=\"600\" height=\"450\" src=\"https:\/\/balanzasvesta.com\/wp-content\/uploads\/balanzas-portatiles-para-carros-08-600x450.jpg\" class=\"img-responsive wp-post-image\" alt=\"balanzas-portatiles-para-carros\" srcset=\"https:\/\/balanzasvesta.com\/wp-content\/uploads\/balanzas-portatiles-para-carros-08-600x450.jpg 600w, https:\/\/balanzasvesta.com\/wp-content\/uploads\/balanzas-portatiles-para-carros-08-300x225.jpg 300w, https:\/\/balanzasvesta.com\/wp-content\/uploads\/balanzas-portatiles-para-carros-08.jpg 1024w\" sizes=\"auto, (max-width: 600px) 100vw, 600px\" \/><a class=\"isotop-readmore\" href=\"https:\/\/balanzasvesta.com\/pt-br\/product\/balancas-portateis-para-carretas\/\"><i class=\"fa fa-link\"><\/i><\/a><\/div><div class=\"isotope-item-title\"><h3><a href=\"https:\/\/balanzasvesta.com\/pt-br\/product\/balancas-portateis-para-carretas\/\">Balan\u00e7as Portateis para Carretas<\/a><\/h3><\/div><div class=\"isotope-item-bottom\"><i class=\"fa fa-folder-open-o\">&nbsp;<\/i><ul class=\"isotope-item-tags\"><li> balancas-agricolas<\/li><\/ul><span class=\"isotope-item-hits\"><i class=\"fa fa-heart-o\">&nbsp;<\/i>3312<\/span><\/div><\/div><div class=\"col-sm-4  balancas-industriais isotope-item text-center\"><div class=\"isotop-img-conatiner\"><img loading=\"lazy\" decoding=\"async\" width=\"600\" height=\"450\" src=\"https:\/\/balanzasvesta.com\/wp-content\/uploads\/balanzas-de-plataformas-vesta-01-600x450.jpg\" class=\"img-responsive wp-post-image\" alt=\"\" \/><a class=\"isotop-readmore\" href=\"https:\/\/balanzasvesta.com\/pt-br\/product\/balancas-de-plataforma\/\"><i class=\"fa fa-link\"><\/i><\/a><\/div><div class=\"isotope-item-title\"><h3><a href=\"https:\/\/balanzasvesta.com\/pt-br\/product\/balancas-de-plataforma\/\">Balan\u00e7as de Plataforma<\/a><\/h3><\/div><div class=\"isotope-item-bottom\"><i class=\"fa fa-folder-open-o\">&nbsp;<\/i><ul class=\"isotope-item-tags\"><li> balancas-industriais<\/li><\/ul><span class=\"isotope-item-hits\"><i class=\"fa fa-heart-o\">&nbsp;<\/i>2146<\/span><\/div><\/div><div class=\"col-sm-4  balancas-agricolas isotope-item text-center\"><div class=\"isotop-img-conatiner\"><img loading=\"lazy\" decoding=\"async\" width=\"600\" height=\"450\" src=\"https:\/\/balanzasvesta.com\/wp-content\/uploads\/tbp-para-ensayos-de-cultivo-vesta-01-600x450.jpg\" class=\"img-responsive wp-post-image\" alt=\"\" \/><a class=\"isotop-readmore\" href=\"https:\/\/balanzasvesta.com\/pt-br\/product\/tbp-para-ensaios-de-cultivos\/\"><i class=\"fa fa-link\"><\/i><\/a><\/div><div class=\"isotope-item-title\"><h3><a href=\"https:\/\/balanzasvesta.com\/pt-br\/product\/tbp-para-ensaios-de-cultivos\/\">T.B.P. para Ensaios de Cultivos<\/a><\/h3><\/div><div class=\"isotope-item-bottom\"><i class=\"fa fa-folder-open-o\">&nbsp;<\/i><ul class=\"isotope-item-tags\"><li> balancas-agricolas<\/li><\/ul><span class=\"isotope-item-hits\"><i class=\"fa fa-heart-o\">&nbsp;<\/i>2140<\/span><\/div><\/div><div class=\"col-sm-4  balancas-agricolas isotope-item text-center\"><div class=\"isotop-img-conatiner\"><img loading=\"lazy\" decoding=\"async\" width=\"600\" height=\"450\" src=\"https:\/\/balanzasvesta.com\/wp-content\/uploads\/balanzas-para-acoplados-tolva-vesta-01-600x450.jpg\" class=\"img-responsive wp-post-image\" alt=\"\" \/><a class=\"isotop-readmore\" href=\"https:\/\/balanzasvesta.com\/pt-br\/product\/balancas-para-acoplados-tremonha\/\"><i class=\"fa fa-link\"><\/i><\/a><\/div><div class=\"isotope-item-title\"><h3><a href=\"https:\/\/balanzasvesta.com\/pt-br\/product\/balancas-para-acoplados-tremonha\/\">Balan\u00e7as para Acoplados Tremonha<\/a><\/h3><\/div><div class=\"isotope-item-bottom\"><i class=\"fa fa-folder-open-o\">&nbsp;<\/i><ul class=\"isotope-item-tags\"><li> balancas-agricolas<\/li><\/ul><span class=\"isotope-item-hits\"><i class=\"fa fa-heart-o\">&nbsp;<\/i>2540<\/span><\/div><\/div><div class=\"col-sm-4  balancas-industriais isotope-item text-center\"><div class=\"isotop-img-conatiner\"><img loading=\"lazy\" decoding=\"async\" width=\"600\" height=\"450\" src=\"https:\/\/balanzasvesta.com\/wp-content\/uploads\/dinamometro-para-big-bags-vesta-01-600x450.jpg\" class=\"img-responsive wp-post-image\" alt=\"\" \/><a class=\"isotop-readmore\" href=\"https:\/\/balanzasvesta.com\/pt-br\/product\/dinamometros-para-big-bags\/\"><i class=\"fa fa-link\"><\/i><\/a><\/div><div class=\"isotope-item-title\"><h3><a href=\"https:\/\/balanzasvesta.com\/pt-br\/product\/dinamometros-para-big-bags\/\">Dinam\u00f4metros para Big Bags<\/a><\/h3><\/div><div class=\"isotope-item-bottom\"><i class=\"fa fa-folder-open-o\">&nbsp;<\/i><ul class=\"isotope-item-tags\"><li> balancas-industriais<\/li><\/ul><span class=\"isotope-item-hits\"><i class=\"fa fa-heart-o\">&nbsp;<\/i>2202<\/span><\/div><\/div><div class=\"col-sm-4  balancas-industriais isotope-item text-center\"><div class=\"isotop-img-conatiner\"><img loading=\"lazy\" decoding=\"async\" width=\"600\" height=\"450\" src=\"https:\/\/balanzasvesta.com\/wp-content\/uploads\/balanzas-para-gruas-vesta-10-600x450.jpg\" class=\"img-responsive wp-post-image\" alt=\"\" \/><a class=\"isotop-readmore\" href=\"https:\/\/balanzasvesta.com\/pt-br\/product\/balancas-para-guindaste\/\"><i class=\"fa fa-link\"><\/i><\/a><\/div><div class=\"isotope-item-title\"><h3><a href=\"https:\/\/balanzasvesta.com\/pt-br\/product\/balancas-para-guindaste\/\">Balan\u00e7as para Guindaste<\/a><\/h3><\/div><div class=\"isotope-item-bottom\"><i class=\"fa fa-folder-open-o\">&nbsp;<\/i><ul class=\"isotope-item-tags\"><li> balancas-industriais<\/li><\/ul><span class=\"isotope-item-hits\"><i class=\"fa fa-heart-o\">&nbsp;<\/i>3987<\/span><\/div><\/div><div class=\"col-sm-4  fornecimentos isotope-item text-center\"><div class=\"isotop-img-conatiner\"><img loading=\"lazy\" decoding=\"async\" width=\"600\" height=\"450\" src=\"https:\/\/balanzasvesta.com\/wp-content\/uploads\/indicadores-de-peso-01-600x450.jpg\" class=\"img-responsive wp-post-image\" alt=\"\" \/><a class=\"isotop-readmore\" href=\"https:\/\/balanzasvesta.com\/pt-br\/product\/indicadores-digitais-de-peso\/\"><i class=\"fa fa-link\"><\/i><\/a><\/div><div class=\"isotope-item-title\"><h3><a href=\"https:\/\/balanzasvesta.com\/pt-br\/product\/indicadores-digitais-de-peso\/\">Indicadores Digitais de Peso<\/a><\/h3><\/div><div class=\"isotope-item-bottom\"><i class=\"fa fa-folder-open-o\">&nbsp;<\/i><ul class=\"isotope-item-tags\"><li> fornecimentos<\/li><\/ul><span class=\"isotope-item-hits\"><i class=\"fa fa-heart-o\">&nbsp;<\/i>1722<\/span><\/div><\/div><div class=\"col-sm-4  parceiros isotope-item text-center\"><div class=\"isotop-img-conatiner\"><img loading=\"lazy\" decoding=\"async\" width=\"450\" height=\"300\" src=\"https:\/\/balanzasvesta.com\/wp-content\/uploads\/bqn.jpg\" class=\"img-responsive wp-post-image\" alt=\"\" srcset=\"https:\/\/balanzasvesta.com\/wp-content\/uploads\/bqn.jpg 450w, https:\/\/balanzasvesta.com\/wp-content\/uploads\/bqn-300x200.jpg 300w\" sizes=\"auto, (max-width: 450px) 100vw, 450px\" \/><a class=\"isotop-readmore\" href=\"https:\/\/balanzasvesta.com\/pt-br\/product\/bqn\/\"><i class=\"fa fa-link\"><\/i><\/a><\/div><div class=\"isotope-item-title\"><h3><a href=\"https:\/\/balanzasvesta.com\/pt-br\/product\/bqn\/\">BQN<\/a><\/h3><\/div><div class=\"isotope-item-bottom\"><i class=\"fa fa-folder-open-o\">&nbsp;<\/i><ul class=\"isotope-item-tags\"><li> parceiros<\/li><\/ul><span class=\"isotope-item-hits\"><i class=\"fa fa-heart-o\">&nbsp;<\/i>1763<\/span><\/div><\/div><div class=\"col-sm-4  parceiros isotope-item text-center\"><div class=\"isotop-img-conatiner\"><img loading=\"lazy\" decoding=\"async\" width=\"450\" height=\"300\" src=\"https:\/\/balanzasvesta.com\/wp-content\/uploads\/balanzasvesta-wincampo.jpg\" class=\"img-responsive wp-post-image\" alt=\"\" srcset=\"https:\/\/balanzasvesta.com\/wp-content\/uploads\/balanzasvesta-wincampo.jpg 450w, https:\/\/balanzasvesta.com\/wp-content\/uploads\/balanzasvesta-wincampo-300x200.jpg 300w\" sizes=\"auto, (max-width: 450px) 100vw, 450px\" \/><a class=\"isotop-readmore\" href=\"https:\/\/balanzasvesta.com\/pt-br\/product\/wincampo\/\"><i class=\"fa fa-link\"><\/i><\/a><\/div><div class=\"isotope-item-title\"><h3><a href=\"https:\/\/balanzasvesta.com\/pt-br\/product\/wincampo\/\">WinCampo: App para gerenciar feedlots<\/a><\/h3><\/div><div class=\"isotope-item-bottom\"><i class=\"fa fa-folder-open-o\">&nbsp;<\/i><ul class=\"isotope-item-tags\"><li> parceiros<\/li><\/ul><span class=\"isotope-item-hits\"><i class=\"fa fa-heart-o\">&nbsp;<\/i>4101<\/span><\/div><\/div><div class=\"col-sm-4  parceiros isotope-item text-center\"><div class=\"isotop-img-conatiner\"><img loading=\"lazy\" decoding=\"async\" width=\"450\" height=\"300\" src=\"https:\/\/balanzasvesta.com\/wp-content\/uploads\/partner-mecano-ganadero.jpg\" class=\"img-responsive wp-post-image\" alt=\"partner-mecano-ganadero\" srcset=\"https:\/\/balanzasvesta.com\/wp-content\/uploads\/partner-mecano-ganadero.jpg 450w, https:\/\/balanzasvesta.com\/wp-content\/uploads\/partner-mecano-ganadero-300x200.jpg 300w\" sizes=\"auto, (max-width: 450px) 100vw, 450px\" \/><a class=\"isotop-readmore\" href=\"https:\/\/balanzasvesta.com\/pt-br\/product\/mecano-ganadero\/\"><i class=\"fa fa-link\"><\/i><\/a><\/div><div class=\"isotope-item-title\"><h3><a href=\"https:\/\/balanzasvesta.com\/pt-br\/product\/mecano-ganadero\/\">Mecano Ganadero<\/a><\/h3><\/div><div class=\"isotope-item-bottom\"><i class=\"fa fa-folder-open-o\">&nbsp;<\/i><ul class=\"isotope-item-tags\"><li> parceiros<\/li><\/ul><span class=\"isotope-item-hits\"><i class=\"fa fa-heart-o\">&nbsp;<\/i>746<\/span><\/div><\/div><\/div><\/div><\/div><\/div>[vc_empty_space][\/vc_column][\/vc_row][vc_row full_width=&#8221;stretch_row&#8221; parallax=&#8221;content-moving&#8221; parallax_image=&#8221;782&#8243;][vc_column][vc_empty_space height=&#8221;50px&#8221;][vc_column_text el_class=&#8221;action-title&#8221;]<\/p>\n<h2 style=\"text-align: center;\">Contacto Balan\u00e7as Vesta para obter informa\u00e7\u00f5es sobre nossos produtos<\/h2>\n<p>[\/vc_column_text][vc_empty_space height=&#8221;10px&#8221;][vc_btn title=&#8221;Contacte-nos para mais informa\u00e7\u00f5es&#8221; style=&#8221;3d&#8221; color=&#8221;green&#8221; size=&#8221;lg&#8221; align=&#8221;center&#8221; i_icon_fontawesome=&#8221;fa fa-envelope&#8221; link=&#8221;url:https%3A%2F%2Fbalanzasvesta.com%2Fcontacto%2F||&#8221; add_icon=&#8221;true&#8221; el_class=&#8221;btn-preset&#8221;][vc_empty_space height=&#8221;50px&#8221;][\/vc_column][\/vc_row][vc_row][vc_column]<div class=\"bizspeak-title bizspeak-title-style1 \" style=\"text-align:left\"><h2 class=\"title-border\" style=\"text-transform:uppercase;padding:0px 0px 50px 0px;margin:25px auto 0px;font-weight:300;font-size:32px;color:;\">Sobre Vesta S.A.<\/h2><\/div>[vc_column_text]Vesta S.A. \u00e9 uma empresa l\u00edder no desenvolvimento e fabrica\u00e7\u00e3o de escalas eletr\u00f4nicas para aplica\u00e7\u00f5es agr\u00edcolas e industriais.<\/p>\n<p>Desde 1990, n\u00f3s enviamos nossos produtos em todo o mundo, ajudando nossos clientes a resolver as suas necessidades de pesagem.<br \/>\n[\/vc_column_text][\/vc_column][\/vc_row][vc_row][vc_column][vc_gallery type=&#8221;image_grid&#8221; images=&#8221;683,686,685,684&#8243;][\/vc_column][\/vc_row]<\/p>\n","protected":false},"excerpt":{"rendered":"<p>[vc_row][vc_column][vc_empty_space height=&#8221;50px&#8221;][vc_empty_space][\/vc_column][\/vc_row][vc_row full_width=&#8221;stretch_row&#8221; parallax=&#8221;content-moving&#8221; parallax_image=&#8221;782&#8243;][vc_column][vc_empty_space height=&#8221;50px&#8221;][vc_column_text el_class=&#8221;action-title&#8221;] Contacto Balan\u00e7as Vesta para obter informa\u00e7\u00f5es sobre nossos produtos [\/vc_column_text][vc_empty_space height=&#8221;10px&#8221;][vc_btn title=&#8221;Contacte-nos para mais informa\u00e7\u00f5es&#8221; style=&#8221;3d&#8221; color=&#8221;green&#8221; size=&#8221;lg&#8221; align=&#8221;center&#8221; i_icon_fontawesome=&#8221;fa fa-envelope&#8221; link=&#8221;url:https%3A%2F%2Fbalanzasvesta.com%2Fcontacto%2F||&#8221; add_icon=&#8221;true&#8221; el_class=&#8221;btn-preset&#8221;][vc_empty_space height=&#8221;50px&#8221;][\/vc_column][\/vc_row][vc_row][vc_column][vc_column_text]Vesta S.A. \u00e9 uma empresa l\u00edder no desenvolvimento e fabrica\u00e7\u00e3o de escalas eletr\u00f4nicas para aplica\u00e7\u00f5es agr\u00edcolas e industriais. Desde 1990, n\u00f3s enviamos nossos produtos [&hellip;]<\/p>\n","protected":false},"author":3,"featured_media":0,"parent":0,"menu_order":0,"comment_status":"closed","ping_status":"closed","template":"homepage-template.php","meta":{"footnotes":""},"class_list":["post-1157","page","type-page","status-publish","hentry"],"yoast_head":"<!-- This site is optimized with the Yoast SEO plugin v26.9 - https:\/\/yoast.com\/product\/yoast-seo-wordpress\/ -->\n<title>Nossos produtos - Balanzas Vesta S.A.<\/title>\n<meta name=\"description\" content=\"Contacto Balan\u00e7as Vesta para obter informa\u00e7\u00f5es sobre nossos produtos\" \/>\n<meta name=\"robots\" content=\"index, follow, max-snippet:-1, max-image-preview:large, max-video-preview:-1\" \/>\n<link rel=\"canonical\" href=\"https:\/\/balanzasvesta.com\/pt-br\/produtos\/\" \/>\n<meta property=\"og:locale\" content=\"pt_BR\" \/>\n<meta property=\"og:type\" content=\"article\" \/>\n<meta property=\"og:title\" content=\"Nossos produtos - Balanzas Vesta S.A.\" \/>\n<meta property=\"og:description\" content=\"Contacto Balan\u00e7as Vesta para obter informa\u00e7\u00f5es sobre nossos produtos\" \/>\n<meta property=\"og:url\" content=\"https:\/\/balanzasvesta.com\/pt-br\/produtos\/\" \/>\n<meta property=\"og:site_name\" content=\"Balanzas Vesta S.A.\" \/>\n<meta property=\"article:modified_time\" content=\"2016-06-06T19:38:34+00:00\" \/>\n<meta name=\"twitter:card\" content=\"summary_large_image\" \/>\n<meta name=\"twitter:label1\" content=\"Est. tempo de leitura\" \/>\n\t<meta name=\"twitter:data1\" content=\"1 minuto\" \/>\n<script type=\"application\/ld+json\" class=\"yoast-schema-graph\">{\"@context\":\"https:\/\/schema.org\",\"@graph\":[{\"@type\":\"WebPage\",\"@id\":\"https:\/\/balanzasvesta.com\/pt-br\/produtos\/\",\"url\":\"https:\/\/balanzasvesta.com\/pt-br\/produtos\/\",\"name\":\"Nossos produtos - Balanzas Vesta S.A.\",\"isPartOf\":{\"@id\":\"https:\/\/balanzasvesta.com\/#website\"},\"datePublished\":\"2016-03-15T22:17:38+00:00\",\"dateModified\":\"2016-06-06T19:38:34+00:00\",\"description\":\"Contacto Balan\u00e7as Vesta para obter informa\u00e7\u00f5es sobre nossos produtos\",\"breadcrumb\":{\"@id\":\"https:\/\/balanzasvesta.com\/pt-br\/produtos\/#breadcrumb\"},\"inLanguage\":\"pt-BR\",\"potentialAction\":[{\"@type\":\"ReadAction\",\"target\":[\"https:\/\/balanzasvesta.com\/pt-br\/produtos\/\"]}]},{\"@type\":\"BreadcrumbList\",\"@id\":\"https:\/\/balanzasvesta.com\/pt-br\/produtos\/#breadcrumb\",\"itemListElement\":[{\"@type\":\"ListItem\",\"position\":1,\"name\":\"Home\",\"item\":\"https:\/\/balanzasvesta.com\/pt-br\/\"},{\"@type\":\"ListItem\",\"position\":2,\"name\":\"Nossos produtos\"}]},{\"@type\":\"WebSite\",\"@id\":\"https:\/\/balanzasvesta.com\/#website\",\"url\":\"https:\/\/balanzasvesta.com\/\",\"name\":\"Balanzas Vesta S.A.\",\"description\":\"Balan\u00e7as para Agro e Ind\u00fastria\",\"potentialAction\":[{\"@type\":\"SearchAction\",\"target\":{\"@type\":\"EntryPoint\",\"urlTemplate\":\"https:\/\/balanzasvesta.com\/?s={search_term_string}\"},\"query-input\":{\"@type\":\"PropertyValueSpecification\",\"valueRequired\":true,\"valueName\":\"search_term_string\"}}],\"inLanguage\":\"pt-BR\"}]}<\/script>\n<!-- \/ Yoast SEO plugin. -->","yoast_head_json":{"title":"Nossos produtos - Balanzas Vesta S.A.","description":"Contacto Balan\u00e7as Vesta para obter informa\u00e7\u00f5es sobre nossos produtos","robots":{"index":"index","follow":"follow","max-snippet":"max-snippet:-1","max-image-preview":"max-image-preview:large","max-video-preview":"max-video-preview:-1"},"canonical":"https:\/\/balanzasvesta.com\/pt-br\/produtos\/","og_locale":"pt_BR","og_type":"article","og_title":"Nossos produtos - Balanzas Vesta S.A.","og_description":"Contacto Balan\u00e7as Vesta para obter informa\u00e7\u00f5es sobre nossos produtos","og_url":"https:\/\/balanzasvesta.com\/pt-br\/produtos\/","og_site_name":"Balanzas Vesta S.A.","article_modified_time":"2016-06-06T19:38:34+00:00","twitter_card":"summary_large_image","twitter_misc":{"Est. tempo de leitura":"1 minuto"},"schema":{"@context":"https:\/\/schema.org","@graph":[{"@type":"WebPage","@id":"https:\/\/balanzasvesta.com\/pt-br\/produtos\/","url":"https:\/\/balanzasvesta.com\/pt-br\/produtos\/","name":"Nossos produtos - Balanzas Vesta S.A.","isPartOf":{"@id":"https:\/\/balanzasvesta.com\/#website"},"datePublished":"2016-03-15T22:17:38+00:00","dateModified":"2016-06-06T19:38:34+00:00","description":"Contacto Balan\u00e7as Vesta para obter informa\u00e7\u00f5es sobre nossos produtos","breadcrumb":{"@id":"https:\/\/balanzasvesta.com\/pt-br\/produtos\/#breadcrumb"},"inLanguage":"pt-BR","potentialAction":[{"@type":"ReadAction","target":["https:\/\/balanzasvesta.com\/pt-br\/produtos\/"]}]},{"@type":"BreadcrumbList","@id":"https:\/\/balanzasvesta.com\/pt-br\/produtos\/#breadcrumb","itemListElement":[{"@type":"ListItem","position":1,"name":"Home","item":"https:\/\/balanzasvesta.com\/pt-br\/"},{"@type":"ListItem","position":2,"name":"Nossos produtos"}]},{"@type":"WebSite","@id":"https:\/\/balanzasvesta.com\/#website","url":"https:\/\/balanzasvesta.com\/","name":"Balanzas Vesta S.A.","description":"Balan\u00e7as para Agro e Ind\u00fastria","potentialAction":[{"@type":"SearchAction","target":{"@type":"EntryPoint","urlTemplate":"https:\/\/balanzasvesta.com\/?s={search_term_string}"},"query-input":{"@type":"PropertyValueSpecification","valueRequired":true,"valueName":"search_term_string"}}],"inLanguage":"pt-BR"}]}},"_links":{"self":[{"href":"https:\/\/balanzasvesta.com\/pt-br\/wp-json\/wp\/v2\/pages\/1157","targetHints":{"allow":["GET"]}}],"collection":[{"href":"https:\/\/balanzasvesta.com\/pt-br\/wp-json\/wp\/v2\/pages"}],"about":[{"href":"https:\/\/balanzasvesta.com\/pt-br\/wp-json\/wp\/v2\/types\/page"}],"author":[{"embeddable":true,"href":"https:\/\/balanzasvesta.com\/pt-br\/wp-json\/wp\/v2\/users\/3"}],"replies":[{"embeddable":true,"href":"https:\/\/balanzasvesta.com\/pt-br\/wp-json\/wp\/v2\/comments?post=1157"}],"version-history":[{"count":0,"href":"https:\/\/balanzasvesta.com\/pt-br\/wp-json\/wp\/v2\/pages\/1157\/revisions"}],"wp:attachment":[{"href":"https:\/\/balanzasvesta.com\/pt-br\/wp-json\/wp\/v2\/media?parent=1157"}],"curies":[{"name":"wp","href":"https:\/\/api.w.org\/{rel}","templated":true}]}}