{"id":1150,"date":"2016-04-20T12:10:18","date_gmt":"2016-04-20T15:10:18","guid":{"rendered":"https:\/\/balanzasvesta.com\/pt-br\/?page_id=1150"},"modified":"2016-06-06T16:27:55","modified_gmt":"2016-06-06T19:27:55","slug":"servicos","status":"publish","type":"page","link":"https:\/\/balanzasvesta.com\/pt-br\/servicos\/","title":{"rendered":"Nossos Servi\u00e7os"},"content":{"rendered":"<p>[vc_row][vc_column][vc_empty_space height=&#8221;20px&#8221;][\/vc_column][\/vc_row][vc_row css=&#8221;.vc_custom_1441257793276{margin-top: -60px !important;}&#8221;][vc_column width=&#8221;1\/2&#8243;][vc_single_image image=&#8221;1096&#8243; img_size=&#8221;full&#8221; style=&#8221;vc_box_shadow_3d&#8221;][\/vc_column][vc_column width=&#8221;1\/2&#8243;]<div class=\"thw-list-item \" style=\"display:block;margin-bottom:5px;margin-top:5px;\"><div class=\"list-item-title\" style=\"color:;font-size:16px\"><span><i style=\"color:#81d742;\" class=\"fa fa-check\"><\/i> Temos grande servi\u00e7o p\u00f3s-venda, para ajudar tudo funcionar como voc\u00ea precisa <\/span><\/div><\/div><div class=\"thw-list-item \" style=\"display:block;margin-bottom:5px;margin-top:5px;\"><div class=\"list-item-title\" style=\"color:;font-size:16px\"><span><i style=\"color:#81d742;\" class=\"fa fa-check\"><\/i> Nosso laborat\u00f3rio tem tudo que precisa para resolver qualquer problema rapidamente<\/span><\/div><\/div><div class=\"thw-list-item \" style=\"display:block;margin-bottom:5px;margin-top:5px;\"><div class=\"list-item-title\" style=\"color:;font-size:16px\"><span><i style=\"color:#81d742;\" class=\"fa fa-check\"><\/i> Estamos onde voc\u00ea precisa: n\u00f3s fazemos reparos balan\u00e7as em todo o pa\u00eds<\/span><\/div><\/div><div class=\"thw-list-item \" style=\"display:block;margin-bottom:5px;margin-top:5px;\"><div class=\"list-item-title\" style=\"color:;font-size:16px\"><span><i style=\"color:#81d742;\" class=\"fa fa-check\"><\/i> T\u00eam um grande estoque de pe\u00e7as de reposi\u00e7\u00e3o<\/span><\/div><\/div><div class=\"thw-list-item \" style=\"display:block;margin-bottom:5px;margin-top:5px;\"><div class=\"list-item-title\" style=\"color:;font-size:16px\"><span><i style=\"color:#81d742;\" class=\"fa fa-check\"><\/i> Fornecer um servi\u00e7o de telefonia \u00e1gil<\/span><\/div><\/div><div class=\"thw-list-item \" style=\"display:block;margin-bottom:5px;margin-top:5px;\"><div class=\"list-item-title\" style=\"color:;font-size:16px\"><span><i style=\"color:#81d742;\" class=\"fa fa-check\"><\/i> N\u00f3s tamb\u00e9m fornecemos servi\u00e7os de manuten\u00e7\u00e3o nas balan\u00e7as o campo<\/span><\/div><\/div>[vc_empty_space el_class=&#8221;ts-divider&#8221;][vc_btn title=&#8221;Contacte-nos para mais informa\u00e7\u00f5es&#8221; style=&#8221;3d&#8221; color=&#8221;green&#8221; size=&#8221;lg&#8221; align=&#8221;center&#8221; i_icon_fontawesome=&#8221;fa fa-envelope&#8221; link=&#8221;url:https%3A%2F%2Fbalanzasvesta.com%2Fpt-br%2Fcontato%2F||&#8221; add_icon=&#8221;true&#8221; el_class=&#8221;btn-preset&#8221;][\/vc_column][\/vc_row][vc_row][vc_column][vc_empty_space][vc_column_text]<\/p>\n<h2>O nosso servi\u00e7o de t\u00e9cnico ajuda a resolver quaisquer problemas que voc\u00ea tem com o seu balan\u00e7a.<\/h2>\n<p>N\u00f3s temos o melhor servi\u00e7o p\u00f3s-venda e um suporte t\u00e9cnico experiente que vai fazer tudo o necess\u00e1rio para dar a melhor solu\u00e7\u00e3o.[\/vc_column_text][vc_empty_space][\/vc_column][\/vc_row][vc_row full_width=&#8221;stretch_row&#8221; parallax=&#8221;content-moving&#8221; parallax_image=&#8221;782&#8243;][vc_column][vc_empty_space height=&#8221;50px&#8221;][vc_column_text el_class=&#8221;action-title&#8221;]<\/p>\n<h2 style=\"text-align: center;\"><span style=\"color: #f9f9f9;\">Em Balan\u00e7as Vesta, oferecemos-lhe um servi\u00e7o especializado para ajudar a dar-lhe solu\u00e7\u00f5es r\u00e1pidas e eficientes.<\/span><\/h2>\n<p>[\/vc_column_text][vc_btn title=&#8221;Contacte-nos para mais informa\u00e7\u00f5es&#8221; style=&#8221;3d&#8221; color=&#8221;green&#8221; size=&#8221;lg&#8221; align=&#8221;center&#8221; i_icon_fontawesome=&#8221;fa fa-envelope&#8221; link=&#8221;url:https%3A%2F%2Fbalanzasvesta.com%2Fpt-br%2Fcontato%2F||&#8221; add_icon=&#8221;true&#8221; el_class=&#8221;btn-preset&#8221;][vc_empty_space height=&#8221;50px&#8221;][\/vc_column][\/vc_row][vc_row][vc_column]<div class=\"bizspeak-title bizspeak-title-style1 \" style=\"text-align:left\"><h2 class=\"title-border\" style=\"text-transform:uppercase;padding:0px 0px 50px 0px;margin:25px auto 0px;font-weight:300;font-size:26px;color:;\">Sobre Vesta S.A.<\/h2><\/div>[vc_column_text]Vesta S.A. \u00e9 uma empresa l\u00edder no desenvolvimento e fabrica\u00e7\u00e3o de balan\u00e7as eletr\u00f4nicas para aplica\u00e7\u00f5es agr\u00edcolas e industriais.<\/p>\n<p>Desde 1990, n\u00f3s enviamos nossos produtos em todo o mundo, ajudando nossos clientes a resolver as suas necessidades de pesagem.[\/vc_column_text][\/vc_column][\/vc_row][vc_row][vc_column][vc_gallery type=&#8221;image_grid&#8221; images=&#8221;683,686,685,684&#8243; img_size=&#8221;100&#215;100&#8243; onclick=&#8221;&#8221;][\/vc_column][\/vc_row]<\/p>\n","protected":false},"excerpt":{"rendered":"<p>[vc_row][vc_column][vc_empty_space height=&#8221;20px&#8221;][\/vc_column][\/vc_row][vc_row css=&#8221;.vc_custom_1441257793276{margin-top: -60px !important;}&#8221;][vc_column width=&#8221;1\/2&#8243;][vc_single_image image=&#8221;1096&#8243; img_size=&#8221;full&#8221; style=&#8221;vc_box_shadow_3d&#8221;][\/vc_column][vc_column width=&#8221;1\/2&#8243;][vc_empty_space el_class=&#8221;ts-divider&#8221;][vc_btn title=&#8221;Contacte-nos para mais informa\u00e7\u00f5es&#8221; style=&#8221;3d&#8221; color=&#8221;green&#8221; size=&#8221;lg&#8221; align=&#8221;center&#8221; i_icon_fontawesome=&#8221;fa fa-envelope&#8221; link=&#8221;url:https%3A%2F%2Fbalanzasvesta.com%2Fpt-br%2Fcontato%2F||&#8221; add_icon=&#8221;true&#8221; el_class=&#8221;btn-preset&#8221;][\/vc_column][\/vc_row][vc_row][vc_column][vc_empty_space][vc_column_text] O nosso servi\u00e7o de t\u00e9cnico ajuda a resolver quaisquer problemas que voc\u00ea tem com o seu balan\u00e7a. N\u00f3s temos o melhor servi\u00e7o p\u00f3s-venda e um suporte t\u00e9cnico experiente que vai fazer [&hellip;]<\/p>\n","protected":false},"author":3,"featured_media":0,"parent":0,"menu_order":0,"comment_status":"closed","ping_status":"closed","template":"","meta":{"footnotes":""},"class_list":["post-1150","page","type-page","status-publish","hentry"],"yoast_head":"<!-- This site is optimized with the Yoast SEO plugin v26.9 - https:\/\/yoast.com\/product\/yoast-seo-wordpress\/ -->\n<title>Balan\u00e7as Vesta - Servi\u00e7os T\u00e9cnicos<\/title>\n<meta name=\"description\" content=\"Nosso servi\u00e7o t\u00e9cnico ajuda a resolver quaisquer problemas que voc\u00ea tem com o seu balan\u00e7a.\" \/>\n<meta name=\"robots\" content=\"index, follow, max-snippet:-1, max-image-preview:large, max-video-preview:-1\" \/>\n<link rel=\"canonical\" href=\"https:\/\/balanzasvesta.com\/pt-br\/servicos\/\" \/>\n<meta property=\"og:locale\" content=\"pt_BR\" \/>\n<meta property=\"og:type\" content=\"article\" \/>\n<meta property=\"og:title\" content=\"Balan\u00e7as Vesta - Servi\u00e7os T\u00e9cnicos\" \/>\n<meta property=\"og:description\" content=\"Nosso servi\u00e7o t\u00e9cnico ajuda a resolver quaisquer problemas que voc\u00ea tem com o seu balan\u00e7a.\" \/>\n<meta property=\"og:url\" content=\"https:\/\/balanzasvesta.com\/pt-br\/servicos\/\" \/>\n<meta property=\"og:site_name\" content=\"Balanzas Vesta S.A.\" \/>\n<meta property=\"article:modified_time\" content=\"2016-06-06T19:27:55+00:00\" \/>\n<meta name=\"twitter:card\" content=\"summary_large_image\" \/>\n<meta name=\"twitter:label1\" content=\"Est. tempo de leitura\" \/>\n\t<meta name=\"twitter:data1\" content=\"2 minutos\" \/>\n<script type=\"application\/ld+json\" class=\"yoast-schema-graph\">{\"@context\":\"https:\/\/schema.org\",\"@graph\":[{\"@type\":\"WebPage\",\"@id\":\"https:\/\/balanzasvesta.com\/pt-br\/servicos\/\",\"url\":\"https:\/\/balanzasvesta.com\/pt-br\/servicos\/\",\"name\":\"Balan\u00e7as Vesta - Servi\u00e7os T\u00e9cnicos\",\"isPartOf\":{\"@id\":\"https:\/\/balanzasvesta.com\/#website\"},\"datePublished\":\"2016-04-20T15:10:18+00:00\",\"dateModified\":\"2016-06-06T19:27:55+00:00\",\"description\":\"Nosso servi\u00e7o t\u00e9cnico ajuda a resolver quaisquer problemas que voc\u00ea tem com o seu balan\u00e7a.\",\"breadcrumb\":{\"@id\":\"https:\/\/balanzasvesta.com\/pt-br\/servicos\/#breadcrumb\"},\"inLanguage\":\"pt-BR\",\"potentialAction\":[{\"@type\":\"ReadAction\",\"target\":[\"https:\/\/balanzasvesta.com\/pt-br\/servicos\/\"]}]},{\"@type\":\"BreadcrumbList\",\"@id\":\"https:\/\/balanzasvesta.com\/pt-br\/servicos\/#breadcrumb\",\"itemListElement\":[{\"@type\":\"ListItem\",\"position\":1,\"name\":\"Home\",\"item\":\"https:\/\/balanzasvesta.com\/pt-br\/\"},{\"@type\":\"ListItem\",\"position\":2,\"name\":\"Nossos Servi\u00e7os\"}]},{\"@type\":\"WebSite\",\"@id\":\"https:\/\/balanzasvesta.com\/#website\",\"url\":\"https:\/\/balanzasvesta.com\/\",\"name\":\"Balanzas Vesta S.A.\",\"description\":\"Balan\u00e7as para Agro e Ind\u00fastria\",\"potentialAction\":[{\"@type\":\"SearchAction\",\"target\":{\"@type\":\"EntryPoint\",\"urlTemplate\":\"https:\/\/balanzasvesta.com\/?s={search_term_string}\"},\"query-input\":{\"@type\":\"PropertyValueSpecification\",\"valueRequired\":true,\"valueName\":\"search_term_string\"}}],\"inLanguage\":\"pt-BR\"}]}<\/script>\n<!-- \/ Yoast SEO plugin. -->","yoast_head_json":{"title":"Balan\u00e7as Vesta - Servi\u00e7os T\u00e9cnicos","description":"Nosso servi\u00e7o t\u00e9cnico ajuda a resolver quaisquer problemas que voc\u00ea tem com o seu balan\u00e7a.","robots":{"index":"index","follow":"follow","max-snippet":"max-snippet:-1","max-image-preview":"max-image-preview:large","max-video-preview":"max-video-preview:-1"},"canonical":"https:\/\/balanzasvesta.com\/pt-br\/servicos\/","og_locale":"pt_BR","og_type":"article","og_title":"Balan\u00e7as Vesta - Servi\u00e7os T\u00e9cnicos","og_description":"Nosso servi\u00e7o t\u00e9cnico ajuda a resolver quaisquer problemas que voc\u00ea tem com o seu balan\u00e7a.","og_url":"https:\/\/balanzasvesta.com\/pt-br\/servicos\/","og_site_name":"Balanzas Vesta S.A.","article_modified_time":"2016-06-06T19:27:55+00:00","twitter_card":"summary_large_image","twitter_misc":{"Est. tempo de leitura":"2 minutos"},"schema":{"@context":"https:\/\/schema.org","@graph":[{"@type":"WebPage","@id":"https:\/\/balanzasvesta.com\/pt-br\/servicos\/","url":"https:\/\/balanzasvesta.com\/pt-br\/servicos\/","name":"Balan\u00e7as Vesta - Servi\u00e7os T\u00e9cnicos","isPartOf":{"@id":"https:\/\/balanzasvesta.com\/#website"},"datePublished":"2016-04-20T15:10:18+00:00","dateModified":"2016-06-06T19:27:55+00:00","description":"Nosso servi\u00e7o t\u00e9cnico ajuda a resolver quaisquer problemas que voc\u00ea tem com o seu balan\u00e7a.","breadcrumb":{"@id":"https:\/\/balanzasvesta.com\/pt-br\/servicos\/#breadcrumb"},"inLanguage":"pt-BR","potentialAction":[{"@type":"ReadAction","target":["https:\/\/balanzasvesta.com\/pt-br\/servicos\/"]}]},{"@type":"BreadcrumbList","@id":"https:\/\/balanzasvesta.com\/pt-br\/servicos\/#breadcrumb","itemListElement":[{"@type":"ListItem","position":1,"name":"Home","item":"https:\/\/balanzasvesta.com\/pt-br\/"},{"@type":"ListItem","position":2,"name":"Nossos Servi\u00e7os"}]},{"@type":"WebSite","@id":"https:\/\/balanzasvesta.com\/#website","url":"https:\/\/balanzasvesta.com\/","name":"Balanzas Vesta S.A.","description":"Balan\u00e7as para Agro e Ind\u00fastria","potentialAction":[{"@type":"SearchAction","target":{"@type":"EntryPoint","urlTemplate":"https:\/\/balanzasvesta.com\/?s={search_term_string}"},"query-input":{"@type":"PropertyValueSpecification","valueRequired":true,"valueName":"search_term_string"}}],"inLanguage":"pt-BR"}]}},"_links":{"self":[{"href":"https:\/\/balanzasvesta.com\/pt-br\/wp-json\/wp\/v2\/pages\/1150","targetHints":{"allow":["GET"]}}],"collection":[{"href":"https:\/\/balanzasvesta.com\/pt-br\/wp-json\/wp\/v2\/pages"}],"about":[{"href":"https:\/\/balanzasvesta.com\/pt-br\/wp-json\/wp\/v2\/types\/page"}],"author":[{"embeddable":true,"href":"https:\/\/balanzasvesta.com\/pt-br\/wp-json\/wp\/v2\/users\/3"}],"replies":[{"embeddable":true,"href":"https:\/\/balanzasvesta.com\/pt-br\/wp-json\/wp\/v2\/comments?post=1150"}],"version-history":[{"count":0,"href":"https:\/\/balanzasvesta.com\/pt-br\/wp-json\/wp\/v2\/pages\/1150\/revisions"}],"wp:attachment":[{"href":"https:\/\/balanzasvesta.com\/pt-br\/wp-json\/wp\/v2\/media?parent=1150"}],"curies":[{"name":"wp","href":"https:\/\/api.w.org\/{rel}","templated":true}]}}