{"id":1142,"date":"2016-02-25T13:23:36","date_gmt":"2016-02-25T16:23:36","guid":{"rendered":"https:\/\/balanzasvesta.com\/pt-br\/?page_id=1142"},"modified":"2024-12-27T09:59:50","modified_gmt":"2024-12-27T12:59:50","slug":"contato","status":"publish","type":"page","link":"https:\/\/balanzasvesta.com\/pt-br\/contato\/","title":{"rendered":"Contato"},"content":{"rendered":"<p>[vc_row][vc_column][vc_empty_space height=&#8221;20px&#8221;][\/vc_column][\/vc_row][vc_row full_width=&#8221;stretch_row&#8221;][vc_column width=&#8221;2\/3&#8243;][vc_column_text]<form id=\"pontdb\" method=\"POST\" action=\"\"><div class=\"row\"><div class=\"col-sm\"><div class=\"form-group\"><label for=\"nombre-completo\">Nome completo:<\/label><input type=\"text\" class=\"form-control\" id=\"nombre-completo\" name=\"nombre_completo\" required><\/div><\/div><div class=\"col-sm\"><div class=\"form-group\"><label for=\"empresa\">Empresa:<\/label><input type=\"text\" class=\"form-control\" id=\"empresa\" name=\"empresa\" required><\/div><\/div><\/div><div class=\"row\"><div class=\"col-sm\"><div class=\"form-group\"><label for=\"email\">Email:<\/label><input type=\"email\" class=\"form-control\" id=\"email\" name=\"email\" required><\/div><\/div><div class=\"col-sm\"><div class=\"form-group\"><label for=\"telefono\">Telefone:<\/label><input type=\"text\" class=\"form-control\" id=\"telefono\" name=\"telefono\" ><\/div><\/div><\/div><div class=\"row\"><\/div><div class=\"row\"><\/div><div class=\"row\"><div class=\"col\"><div class=\"form-group\"><label for=\"mensaje\">Mensagem:<\/label><textarea class=\"form-control\" id=\"mensaje\" name=\"mensaje\" rows=\"5\"><\/textarea><\/div><\/div><\/div><input type=\"hidden\" id=\"listid\" name=\"listid\" value=\"2\"><input type=\"hidden\" id=\"urlpage\" name=\"urlpage\" value=\"https:\/\/balanzasvesta.com\/pt-br\/obrigado\/\"><input type=\"hidden\" id=\"urlerror\" name=\"urlerror\" value=\"#\"><input type=\"hidden\" id=\"thankemail\" name=\"thankemail\" value=\"true\"><input type=\"hidden\" name=\"recaptcha_response\" id=\"recaptchaResponse\"><div class=\"row\"><div class=\"col\"><button id=\"submit-button\" type=\"submit\" name=\"submit\" class=\"btn btn-success\" value=\"pontdb\" >ENVIAR MENSAGEM<\/button><\/div><\/div><\/form><script src=\"https:\/\/www.google.com\/recaptcha\/api.js?render=6Ldg2S4mAAAAAC4XbgsZ-G3NUH5gmfxoL2_loK2M\"><\/script><script>\n\t\tgrecaptcha.ready(function() {\n\t\tgrecaptcha.execute(\"6Ldg2S4mAAAAAC4XbgsZ-G3NUH5gmfxoL2_loK2M\", {action: \"formulario\"})\n\t\t.then(function(token) {\n\t\tvar recaptchaResponse = document.getElementById(\"recaptchaResponse\");\n\t\trecaptchaResponse.value = token;\n\t\t});});\n\t<\/script><script>\n\t\tdocument.getElementById(\"submit-button\").addEventListener(\"click\", function() {\n\n\t\tvar requiredFields = document.querySelectorAll(\"#pontdb [required]\");\n\t\tvar formIsValid = true;\n\n\t\trequiredFields.forEach(function(field) {\n\t\t\tif (!field.value.trim()) {\n\t\t\t\tfield.classList.add(\"is-invalid\");\n\t\t\t\tformIsValid = false;\n\t\t\t} else {\n\t\t\t\tfield.classList.remove(\"is-invalid\");\n\t\t\t}\n\t\t\tif (field.type === \"email\") {\n\t\t\t\tvar emailValido = \/^[^\\s@]+@[^\\s@]+\\.[^\\s@]+$\/.test(field.value);\n\t\t\t\tif (!emailValido) {\n\t\t\t\t\tfield.classList.add(\"is-invalid\");\n\t\t\t\t\tformIsValid = false;\n\t\t\t\t} else {\n\t\t\t\t\tfield.classList.remove(\"is-invalid\");\n\t\t\t\t}\n\t\t\t}\n\t\t});\n\n\t\t\/\/ Si todos los campos son v\u00e1lidos, permite el env\u00edo del formulario\n\t\tif (formIsValid) {\n\t\t\tdocument.getElementById(\"submit-button\").innerHTML = \"ENVIANDO...\";\n\t\t\tdocument.getElementById(\"submit-button\").classList.add(\"disabled\");\n\t\t}\n\t});\n\t<\/script>[\/vc_column_text][\/vc_column][vc_column width=&#8221;1\/3&#8243;]<div class=\"bizspeak-title bizspeak-title-style3 \" style=\"text-align:left\"><h2 style=\"text-transform:uppercase;padding:0;margin:0px 0px 30px 0px;font-weight:300;font-size:24px;color:#333333;\">INFORMA\u00c7\u00c3O DE CONTATO<\/h2><\/div>[vc_column_text]Voc\u00ea pode entrar em contato com Vesta S.A. enviando um e-mail facilmente atrav\u00e9s deste formul\u00e1rio.<\/p>\n<p>Um representante entrar\u00e1 em contato com voc\u00ea em breve. Se preferir, voc\u00ea tamb\u00e9m pode entrar em contato conosco por telefone.<\/p>\n<p>Vesta S.A., Av. Francia 134, Rosario, Santa Fe,\u00a0Argentina.<\/p>\n<p><a href=\"https:\/\/balanzasvesta.com\/pt-br\/contato\/\">[+]\u00a0Ver no mapa<\/a><\/p>\n<p>Tel.: +54 341 528-8948<\/p>\n<p>ventas@vesta.com.ar<\/p>\n<p>www.vesta.com.ar[\/vc_column_text][\/vc_column][\/vc_row]<\/p>\n","protected":false},"excerpt":{"rendered":"<p>[vc_row][vc_column][vc_empty_space height=&#8221;20px&#8221;][\/vc_column][\/vc_row][vc_row full_width=&#8221;stretch_row&#8221;][vc_column width=&#8221;2\/3&#8243;][vc_column_text][\/vc_column_text][\/vc_column][vc_column width=&#8221;1\/3&#8243;][vc_column_text]Voc\u00ea pode entrar em contato com Vesta S.A. enviando um e-mail facilmente atrav\u00e9s deste formul\u00e1rio. Um representante entrar\u00e1 em contato com voc\u00ea em breve. Se preferir, voc\u00ea tamb\u00e9m pode entrar em contato conosco por telefone. Vesta S.A., Av. Francia 134, Rosario, Santa Fe,\u00a0Argentina. [+]\u00a0Ver no mapa Tel.: +54 341 528-8948 ventas@vesta.com.ar [&hellip;]<\/p>\n","protected":false},"author":3,"featured_media":0,"parent":0,"menu_order":0,"comment_status":"closed","ping_status":"closed","template":"","meta":{"footnotes":""},"class_list":["post-1142","page","type-page","status-publish","hentry"],"yoast_head":"<!-- This site is optimized with the Yoast SEO plugin v26.9 - https:\/\/yoast.com\/product\/yoast-seo-wordpress\/ -->\n<title>Contato - Balanzas Vesta S.A.<\/title>\n<meta name=\"description\" content=\"Contactar Vesta escala facilmente usando o formul\u00e1rio desta p\u00e1gina. Entre agora e um representante entrar\u00e1 em contato com voc\u00ea em breve.\" \/>\n<meta name=\"robots\" content=\"index, follow, max-snippet:-1, max-image-preview:large, max-video-preview:-1\" \/>\n<link rel=\"canonical\" href=\"https:\/\/balanzasvesta.com\/pt-br\/contato\/\" \/>\n<meta property=\"og:locale\" content=\"pt_BR\" \/>\n<meta property=\"og:type\" content=\"article\" \/>\n<meta property=\"og:title\" content=\"Contato - Balanzas Vesta S.A.\" \/>\n<meta property=\"og:description\" content=\"Contactar Vesta escala facilmente usando o formul\u00e1rio desta p\u00e1gina. Entre agora e um representante entrar\u00e1 em contato com voc\u00ea em breve.\" \/>\n<meta property=\"og:url\" content=\"https:\/\/balanzasvesta.com\/pt-br\/contato\/\" \/>\n<meta property=\"og:site_name\" content=\"Balanzas Vesta S.A.\" \/>\n<meta property=\"article:modified_time\" content=\"2024-12-27T12:59:50+00:00\" \/>\n<meta name=\"twitter:card\" content=\"summary_large_image\" \/>\n<meta name=\"twitter:label1\" content=\"Est. tempo de leitura\" \/>\n\t<meta name=\"twitter:data1\" content=\"1 minuto\" \/>\n<script type=\"application\/ld+json\" class=\"yoast-schema-graph\">{\"@context\":\"https:\/\/schema.org\",\"@graph\":[{\"@type\":\"WebPage\",\"@id\":\"https:\/\/balanzasvesta.com\/pt-br\/contato\/\",\"url\":\"https:\/\/balanzasvesta.com\/pt-br\/contato\/\",\"name\":\"Contato - Balanzas Vesta S.A.\",\"isPartOf\":{\"@id\":\"https:\/\/balanzasvesta.com\/#website\"},\"datePublished\":\"2016-02-25T16:23:36+00:00\",\"dateModified\":\"2024-12-27T12:59:50+00:00\",\"description\":\"Contactar Vesta escala facilmente usando o formul\u00e1rio desta p\u00e1gina. Entre agora e um representante entrar\u00e1 em contato com voc\u00ea em breve.\",\"breadcrumb\":{\"@id\":\"https:\/\/balanzasvesta.com\/pt-br\/contato\/#breadcrumb\"},\"inLanguage\":\"pt-BR\",\"potentialAction\":[{\"@type\":\"ReadAction\",\"target\":[\"https:\/\/balanzasvesta.com\/pt-br\/contato\/\"]}]},{\"@type\":\"BreadcrumbList\",\"@id\":\"https:\/\/balanzasvesta.com\/pt-br\/contato\/#breadcrumb\",\"itemListElement\":[{\"@type\":\"ListItem\",\"position\":1,\"name\":\"Home\",\"item\":\"https:\/\/balanzasvesta.com\/pt-br\/\"},{\"@type\":\"ListItem\",\"position\":2,\"name\":\"Contato\"}]},{\"@type\":\"WebSite\",\"@id\":\"https:\/\/balanzasvesta.com\/#website\",\"url\":\"https:\/\/balanzasvesta.com\/\",\"name\":\"Balanzas Vesta S.A.\",\"description\":\"Balan\u00e7as para Agro e Ind\u00fastria\",\"potentialAction\":[{\"@type\":\"SearchAction\",\"target\":{\"@type\":\"EntryPoint\",\"urlTemplate\":\"https:\/\/balanzasvesta.com\/?s={search_term_string}\"},\"query-input\":{\"@type\":\"PropertyValueSpecification\",\"valueRequired\":true,\"valueName\":\"search_term_string\"}}],\"inLanguage\":\"pt-BR\"}]}<\/script>\n<!-- \/ Yoast SEO plugin. -->","yoast_head_json":{"title":"Contato - Balanzas Vesta S.A.","description":"Contactar Vesta escala facilmente usando o formul\u00e1rio desta p\u00e1gina. Entre agora e um representante entrar\u00e1 em contato com voc\u00ea em breve.","robots":{"index":"index","follow":"follow","max-snippet":"max-snippet:-1","max-image-preview":"max-image-preview:large","max-video-preview":"max-video-preview:-1"},"canonical":"https:\/\/balanzasvesta.com\/pt-br\/contato\/","og_locale":"pt_BR","og_type":"article","og_title":"Contato - Balanzas Vesta S.A.","og_description":"Contactar Vesta escala facilmente usando o formul\u00e1rio desta p\u00e1gina. Entre agora e um representante entrar\u00e1 em contato com voc\u00ea em breve.","og_url":"https:\/\/balanzasvesta.com\/pt-br\/contato\/","og_site_name":"Balanzas Vesta S.A.","article_modified_time":"2024-12-27T12:59:50+00:00","twitter_card":"summary_large_image","twitter_misc":{"Est. tempo de leitura":"1 minuto"},"schema":{"@context":"https:\/\/schema.org","@graph":[{"@type":"WebPage","@id":"https:\/\/balanzasvesta.com\/pt-br\/contato\/","url":"https:\/\/balanzasvesta.com\/pt-br\/contato\/","name":"Contato - Balanzas Vesta S.A.","isPartOf":{"@id":"https:\/\/balanzasvesta.com\/#website"},"datePublished":"2016-02-25T16:23:36+00:00","dateModified":"2024-12-27T12:59:50+00:00","description":"Contactar Vesta escala facilmente usando o formul\u00e1rio desta p\u00e1gina. Entre agora e um representante entrar\u00e1 em contato com voc\u00ea em breve.","breadcrumb":{"@id":"https:\/\/balanzasvesta.com\/pt-br\/contato\/#breadcrumb"},"inLanguage":"pt-BR","potentialAction":[{"@type":"ReadAction","target":["https:\/\/balanzasvesta.com\/pt-br\/contato\/"]}]},{"@type":"BreadcrumbList","@id":"https:\/\/balanzasvesta.com\/pt-br\/contato\/#breadcrumb","itemListElement":[{"@type":"ListItem","position":1,"name":"Home","item":"https:\/\/balanzasvesta.com\/pt-br\/"},{"@type":"ListItem","position":2,"name":"Contato"}]},{"@type":"WebSite","@id":"https:\/\/balanzasvesta.com\/#website","url":"https:\/\/balanzasvesta.com\/","name":"Balanzas Vesta S.A.","description":"Balan\u00e7as para Agro e Ind\u00fastria","potentialAction":[{"@type":"SearchAction","target":{"@type":"EntryPoint","urlTemplate":"https:\/\/balanzasvesta.com\/?s={search_term_string}"},"query-input":{"@type":"PropertyValueSpecification","valueRequired":true,"valueName":"search_term_string"}}],"inLanguage":"pt-BR"}]}},"_links":{"self":[{"href":"https:\/\/balanzasvesta.com\/pt-br\/wp-json\/wp\/v2\/pages\/1142","targetHints":{"allow":["GET"]}}],"collection":[{"href":"https:\/\/balanzasvesta.com\/pt-br\/wp-json\/wp\/v2\/pages"}],"about":[{"href":"https:\/\/balanzasvesta.com\/pt-br\/wp-json\/wp\/v2\/types\/page"}],"author":[{"embeddable":true,"href":"https:\/\/balanzasvesta.com\/pt-br\/wp-json\/wp\/v2\/users\/3"}],"replies":[{"embeddable":true,"href":"https:\/\/balanzasvesta.com\/pt-br\/wp-json\/wp\/v2\/comments?post=1142"}],"version-history":[{"count":0,"href":"https:\/\/balanzasvesta.com\/pt-br\/wp-json\/wp\/v2\/pages\/1142\/revisions"}],"wp:attachment":[{"href":"https:\/\/balanzasvesta.com\/pt-br\/wp-json\/wp\/v2\/media?parent=1142"}],"curies":[{"name":"wp","href":"https:\/\/api.w.org\/{rel}","templated":true}]}}