{"id":1137,"date":"2016-02-25T13:40:03","date_gmt":"2016-02-25T16:40:03","guid":{"rendered":"https:\/\/balanzasvesta.com\/pt-br\/?page_id=1137"},"modified":"2018-09-27T16:02:04","modified_gmt":"2018-09-27T19:02:04","slug":"localizacao","status":"publish","type":"page","link":"https:\/\/balanzasvesta.com\/pt-br\/localizacao\/","title":{"rendered":"Onde estamos"},"content":{"rendered":"<p>[vc_row][vc_column width=&#8221;1\/2&#8243;]<div class=\"bizspeak-title bizspeak-title-style1 \" style=\"text-align:left\"><h2 class=\"title-border\" style=\"text-transform:uppercase;padding:0px 0px 50px 0px;margin:25px auto 0px;font-weight:300;font-size:26px;color:;\">Nos encontrar aqui<\/h2><\/div>[vc_column_text]Vesta S.A. \u00e9 uma empresa sediada na cidade de Rosario, na prov\u00edncia de Santa Fe da Argentina. Desde 1990, n\u00f3s enviamos nossos produtos em todo o mundo, ajudando nossos clientes a resolver as suas necessidades de pesagem.<\/p>\n<p>N\u00f3s desenvolver e fabricar balan\u00e7as eletr\u00f4nicas para aplica\u00e7\u00f5es agr\u00edcolas e industriais.<\/p>\n<p>&nbsp;<\/p>\n<p>Vesta S.A., Av. Francia 134, Rosario, Santa Fe, Argentina.<\/p>\n<p>Tel.: +54 341 436-1810<\/p>\n<p>info@vesta.com.ar \u00f3\u00a0<a href=\"https:\/\/balanzasvesta.com\/pt-br\/contato\/\">[+] Contato<\/a><\/p>\n<p>www.vesta.com.ar[\/vc_column_text][\/vc_column][vc_column width=&#8221;1\/2&#8243;][vc_gmaps link=&#8221;#E-8_JTNDaWZyYW1lJTIwc3JjJTNEJTIyaHR0cHMlM0ElMkYlMkZ3d3cuZ29vZ2xlLmNvbSUyRm1hcHMlMkZlbWJlZCUzRnBiJTNEJTIxMW0xOCUyMTFtMTIlMjExbTMlMjExZDMzNDguNjUxOTQ2MTcxMjA4JTIxMmQtNjAuNjY1OTk2OTg0ODE0MDY1JTIxM2QtMzIuOTMzNzkyODgwOTI0OTc2JTIxMm0zJTIxMWYwJTIxMmYwJTIxM2YwJTIxM20yJTIxMWkxMDI0JTIxMmk3NjglMjE0ZjEzLjElMjEzbTMlMjExbTIlMjExczB4OTViN2FiNTIwNDZjYmU5NyUyNTNBMHhmMGFkMTQ3NGM5ZDE0NDVkJTIxMnNBdi4lMkJGcmFuY2lhJTJCMTM0JTI1MkMlMkJTMjAwMCUyQlJvc2FyaW8lMjUyQyUyQlNhbnRhJTJCRmUlMjE1ZTAlMjEzbTIlMjExc2VzJTIxMnNhciUyMTR2MTUzODA3NDI4NjAyOSUyMiUyMHdpZHRoJTNEJTIyNjAwJTIyJTIwaGVpZ2h0JTNEJTIyNDUwJTIyJTIwZnJhbWVib3JkZXIlM0QlMjIwJTIyJTIwc3R5bGUlM0QlMjJib3JkZXIlM0EwJTIyJTIwYWxsb3dmdWxsc2NyZWVuJTNFJTNDJTJGaWZyYW1lJTNF&#8221;][\/vc_column][\/vc_row][vc_row][vc_column][vc_column_text]\r\n\t\t\t<div class=\"mkfixbar-wrapper mkfixbar_container mkfixbar_bottom\" style=\"background-color:rgba(153, 153, 153, 0.6);color:#ffffff;padding:0 10px;\">\r\n\t\t\t\t<\/p>\n<p style=\"margin: 0 auto 5px;\"><span class=\"mk-button-wrapper\"><a href=\"https:\/\/www.google.com\/maps\/dir\/-32.933793,-60.663808\/@-32.933793,-60.663808z?hl=es-ES\" target=\"_blank\" rel=\"nofollow\" class=\"mk-button blue  rounded small\"><span style=\"color:;font-size:;\"><i class=\"fa fa-arrow-circle-o-right\"><\/i><\/span>\u00a0\u00a0\u00a0Como chegar<\/a><\/span><\/p>\n<p>\r\n\t\t\t<\/div>\r\n\t\t[\/vc_column_text][\/vc_column][\/vc_row]<\/p>\n","protected":false},"excerpt":{"rendered":"<p>[vc_row][vc_column width=&#8221;1\/2&#8243;][vc_column_text]Vesta S.A. \u00e9 uma empresa sediada na cidade de Rosario, na prov\u00edncia de Santa Fe da Argentina. Desde 1990, n\u00f3s enviamos nossos produtos em todo o mundo, ajudando nossos clientes a resolver as suas necessidades de pesagem. N\u00f3s desenvolver e fabricar balan\u00e7as eletr\u00f4nicas para aplica\u00e7\u00f5es agr\u00edcolas e industriais. &nbsp; Vesta S.A., Av. Francia 134, [&hellip;]<\/p>\n","protected":false},"author":3,"featured_media":0,"parent":0,"menu_order":0,"comment_status":"closed","ping_status":"closed","template":"","meta":{"footnotes":""},"class_list":["post-1137","page","type-page","status-publish","hentry"],"yoast_head":"<!-- This site is optimized with the Yoast SEO plugin v26.9 - https:\/\/yoast.com\/product\/yoast-seo-wordpress\/ -->\n<title>Onde estamos - Balanzas Vesta S.A.<\/title>\n<meta name=\"description\" content=\"Balan\u00e7as Vesta est\u00e1 localizado na cidade de Rosario, prov\u00edncia de Santa F\u00e9, Argentina. Voc\u00ea pode ver um mapa clicando aqui.\" \/>\n<meta name=\"robots\" content=\"index, follow, max-snippet:-1, max-image-preview:large, max-video-preview:-1\" \/>\n<link rel=\"canonical\" href=\"https:\/\/balanzasvesta.com\/pt-br\/localizacao\/\" \/>\n<meta property=\"og:locale\" content=\"pt_BR\" \/>\n<meta property=\"og:type\" content=\"article\" \/>\n<meta property=\"og:title\" content=\"Onde estamos - Balanzas Vesta S.A.\" \/>\n<meta property=\"og:description\" content=\"Balan\u00e7as Vesta est\u00e1 localizado na cidade de Rosario, prov\u00edncia de Santa F\u00e9, Argentina. Voc\u00ea pode ver um mapa clicando aqui.\" \/>\n<meta property=\"og:url\" content=\"https:\/\/balanzasvesta.com\/pt-br\/localizacao\/\" \/>\n<meta property=\"og:site_name\" content=\"Balanzas Vesta S.A.\" \/>\n<meta property=\"article:modified_time\" content=\"2018-09-27T19:02:04+00:00\" \/>\n<meta name=\"twitter:card\" content=\"summary_large_image\" \/>\n<meta name=\"twitter:label1\" content=\"Est. tempo de leitura\" \/>\n\t<meta name=\"twitter:data1\" content=\"1 minuto\" \/>\n<script type=\"application\/ld+json\" class=\"yoast-schema-graph\">{\"@context\":\"https:\/\/schema.org\",\"@graph\":[{\"@type\":\"WebPage\",\"@id\":\"https:\/\/balanzasvesta.com\/pt-br\/localizacao\/\",\"url\":\"https:\/\/balanzasvesta.com\/pt-br\/localizacao\/\",\"name\":\"Onde estamos - Balanzas Vesta S.A.\",\"isPartOf\":{\"@id\":\"https:\/\/balanzasvesta.com\/#website\"},\"datePublished\":\"2016-02-25T16:40:03+00:00\",\"dateModified\":\"2018-09-27T19:02:04+00:00\",\"description\":\"Balan\u00e7as Vesta est\u00e1 localizado na cidade de Rosario, prov\u00edncia de Santa F\u00e9, Argentina. Voc\u00ea pode ver um mapa clicando aqui.\",\"breadcrumb\":{\"@id\":\"https:\/\/balanzasvesta.com\/pt-br\/localizacao\/#breadcrumb\"},\"inLanguage\":\"pt-BR\",\"potentialAction\":[{\"@type\":\"ReadAction\",\"target\":[\"https:\/\/balanzasvesta.com\/pt-br\/localizacao\/\"]}]},{\"@type\":\"BreadcrumbList\",\"@id\":\"https:\/\/balanzasvesta.com\/pt-br\/localizacao\/#breadcrumb\",\"itemListElement\":[{\"@type\":\"ListItem\",\"position\":1,\"name\":\"Home\",\"item\":\"https:\/\/balanzasvesta.com\/pt-br\/\"},{\"@type\":\"ListItem\",\"position\":2,\"name\":\"Onde estamos\"}]},{\"@type\":\"WebSite\",\"@id\":\"https:\/\/balanzasvesta.com\/#website\",\"url\":\"https:\/\/balanzasvesta.com\/\",\"name\":\"Balanzas Vesta S.A.\",\"description\":\"Balan\u00e7as para Agro e Ind\u00fastria\",\"potentialAction\":[{\"@type\":\"SearchAction\",\"target\":{\"@type\":\"EntryPoint\",\"urlTemplate\":\"https:\/\/balanzasvesta.com\/?s={search_term_string}\"},\"query-input\":{\"@type\":\"PropertyValueSpecification\",\"valueRequired\":true,\"valueName\":\"search_term_string\"}}],\"inLanguage\":\"pt-BR\"}]}<\/script>\n<!-- \/ Yoast SEO plugin. -->","yoast_head_json":{"title":"Onde estamos - Balanzas Vesta S.A.","description":"Balan\u00e7as Vesta est\u00e1 localizado na cidade de Rosario, prov\u00edncia de Santa F\u00e9, Argentina. Voc\u00ea pode ver um mapa clicando aqui.","robots":{"index":"index","follow":"follow","max-snippet":"max-snippet:-1","max-image-preview":"max-image-preview:large","max-video-preview":"max-video-preview:-1"},"canonical":"https:\/\/balanzasvesta.com\/pt-br\/localizacao\/","og_locale":"pt_BR","og_type":"article","og_title":"Onde estamos - Balanzas Vesta S.A.","og_description":"Balan\u00e7as Vesta est\u00e1 localizado na cidade de Rosario, prov\u00edncia de Santa F\u00e9, Argentina. Voc\u00ea pode ver um mapa clicando aqui.","og_url":"https:\/\/balanzasvesta.com\/pt-br\/localizacao\/","og_site_name":"Balanzas Vesta S.A.","article_modified_time":"2018-09-27T19:02:04+00:00","twitter_card":"summary_large_image","twitter_misc":{"Est. tempo de leitura":"1 minuto"},"schema":{"@context":"https:\/\/schema.org","@graph":[{"@type":"WebPage","@id":"https:\/\/balanzasvesta.com\/pt-br\/localizacao\/","url":"https:\/\/balanzasvesta.com\/pt-br\/localizacao\/","name":"Onde estamos - Balanzas Vesta S.A.","isPartOf":{"@id":"https:\/\/balanzasvesta.com\/#website"},"datePublished":"2016-02-25T16:40:03+00:00","dateModified":"2018-09-27T19:02:04+00:00","description":"Balan\u00e7as Vesta est\u00e1 localizado na cidade de Rosario, prov\u00edncia de Santa F\u00e9, Argentina. Voc\u00ea pode ver um mapa clicando aqui.","breadcrumb":{"@id":"https:\/\/balanzasvesta.com\/pt-br\/localizacao\/#breadcrumb"},"inLanguage":"pt-BR","potentialAction":[{"@type":"ReadAction","target":["https:\/\/balanzasvesta.com\/pt-br\/localizacao\/"]}]},{"@type":"BreadcrumbList","@id":"https:\/\/balanzasvesta.com\/pt-br\/localizacao\/#breadcrumb","itemListElement":[{"@type":"ListItem","position":1,"name":"Home","item":"https:\/\/balanzasvesta.com\/pt-br\/"},{"@type":"ListItem","position":2,"name":"Onde estamos"}]},{"@type":"WebSite","@id":"https:\/\/balanzasvesta.com\/#website","url":"https:\/\/balanzasvesta.com\/","name":"Balanzas Vesta S.A.","description":"Balan\u00e7as para Agro e Ind\u00fastria","potentialAction":[{"@type":"SearchAction","target":{"@type":"EntryPoint","urlTemplate":"https:\/\/balanzasvesta.com\/?s={search_term_string}"},"query-input":{"@type":"PropertyValueSpecification","valueRequired":true,"valueName":"search_term_string"}}],"inLanguage":"pt-BR"}]}},"_links":{"self":[{"href":"https:\/\/balanzasvesta.com\/pt-br\/wp-json\/wp\/v2\/pages\/1137","targetHints":{"allow":["GET"]}}],"collection":[{"href":"https:\/\/balanzasvesta.com\/pt-br\/wp-json\/wp\/v2\/pages"}],"about":[{"href":"https:\/\/balanzasvesta.com\/pt-br\/wp-json\/wp\/v2\/types\/page"}],"author":[{"embeddable":true,"href":"https:\/\/balanzasvesta.com\/pt-br\/wp-json\/wp\/v2\/users\/3"}],"replies":[{"embeddable":true,"href":"https:\/\/balanzasvesta.com\/pt-br\/wp-json\/wp\/v2\/comments?post=1137"}],"version-history":[{"count":0,"href":"https:\/\/balanzasvesta.com\/pt-br\/wp-json\/wp\/v2\/pages\/1137\/revisions"}],"wp:attachment":[{"href":"https:\/\/balanzasvesta.com\/pt-br\/wp-json\/wp\/v2\/media?parent=1137"}],"curies":[{"name":"wp","href":"https:\/\/api.w.org\/{rel}","templated":true}]}}