{"id":1129,"date":"2016-02-24T19:09:36","date_gmt":"2016-02-24T22:09:36","guid":{"rendered":"https:\/\/balanzasvesta.com\/pt-br\/?page_id=1129"},"modified":"2016-06-06T16:47:15","modified_gmt":"2016-06-06T19:47:15","slug":"sobre-nos","status":"publish","type":"page","link":"https:\/\/balanzasvesta.com\/pt-br\/sobre-nos\/","title":{"rendered":"Sobre n\u00f3s"},"content":{"rendered":"<p>[vc_row][vc_column]<div class=\"bizspeak-title bizspeak-title-style3 \" style=\"text-align:left\"><h2 style=\"text-transform:uppercase;padding:0 0 10px 0;margin:0;font-weight:300;font-size:24px;color:#333333;\">Somos Vesta S.A.<\/h2><\/div>[vc_column_text]<\/p>\n<p class=\"lead\">N\u00f3s ajudamos a nossos clientes a melhorar sua produtividade e efici\u00eancia, fornecendo solu\u00e7\u00f5es de pesagem desde 1990. In VESTA S.A. direcionamos nossos esfor\u00e7os para o desenvolvimento, fabrica\u00e7\u00e3o e servi\u00e7o de balan\u00e7as electr\u00f3nicas para aplica\u00e7\u00f5es agr\u00edcolas e industriais.<\/p>\n<p>[\/vc_column_text][vc_empty_space height=&#8221;0px&#8221;][\/vc_column][vc_column width=&#8221;1\/3&#8243;][vc_single_image image=&#8221;611&#8243; img_size=&#8221;full&#8221; style=&#8221;vc_box_shadow_3d&#8221;][\/vc_column][vc_column width=&#8221;2\/3&#8243;][vc_empty_space height=&#8221;10px&#8221;][vc_column_text]N\u00f3s temos nossa pr\u00f3pria tecnologia e equipe altamente treinados nas t\u00e9cnicas de programa\u00e7\u00e3o mais modernas e de design industrial. N\u00f3s certificamos nosso sistema de gest\u00e3o da qualidade de acordo com ISO 9001:2008 pelo Bureau Veritas Certification.[\/vc_column_text]<div class=\"bizspeak-title bizspeak-title-style2 \" style=\"text-align:left\"><h2 style=\"text-transform:uppercase;padding:0px 10px 0 0px;margin:0;font-weight:300;font-size:18px;color:#333333;\">NOSSO COMPROMISSO<\/h2><\/div>[vc_empty_space height=&#8221;10px&#8221;]<div class=\"thw-list-item \" style=\"display:block;margin-bottom:5px;margin-top:5px;\"><div class=\"list-item-title\" style=\"color:;font-size:16px\"><span><i style=\"color:;\" class=\"fa fa-angle-double-right\"><\/i> Atender \u00e0s exig\u00eancias e necessidades de nossos clientes, fornecendo solu\u00e7\u00f5es, produtos e servi\u00e7os de alta qualidade.<\/span><\/div><\/div><div class=\"thw-list-item \" style=\"display:block;margin-bottom:5px;margin-top:5px;\"><div class=\"list-item-title\" style=\"color:;font-size:16px\"><span><i style=\"color:;\" class=\"fa fa-angle-double-right\"><\/i> Promover a implementa\u00e7\u00e3o de processos e m\u00e9todos para melhorar continuamente a efic\u00e1cia do sistema de gest\u00e3o da qualidade, fornecendo os recursos necess\u00e1rios.<\/span><\/div><\/div><div class=\"thw-list-item \" style=\"display:block;margin-bottom:5px;margin-top:5px;\"><div class=\"list-item-title\" style=\"color:;font-size:16px\"><span><i style=\"color:;\" class=\"fa fa-angle-double-right\"><\/i> Ter cometido o pessoal respons\u00e1vel e qualificado, trabalhando em um ambiente adequado.<\/span><\/div><\/div><div class=\"thw-list-item \" style=\"display:block;margin-bottom:5px;margin-top:5px;\"><div class=\"list-item-title\" style=\"color:;font-size:16px\"><span><i style=\"color:;\" class=\"fa fa-angle-double-right\"><\/i> Promover a cria\u00e7\u00e3o de Valor da Empresa, para garantir uma melhor rentabilidade.<\/span><\/div><\/div>[\/vc_column][\/vc_row][vc_row][vc_column][vc_column_text]<\/p>\n<h3 class=\"title-normal\">Nossa Miss\u00e3o<\/h3>\n<p class=\"lead\">A miss\u00e3o do Balan\u00e7as Vesta \u00e9 ser uma empresa din\u00e2mica que fornece solu\u00e7\u00f5es inovadoras para problemas de pesagem de nossos clientes, criando valor em toda a cadeia de comercializa\u00e7\u00e3o.<\/p>\n<p>[\/vc_column_text][vc_column_text]<\/p>\n<h3 class=\"title-normal\">Nossa Vis\u00e3o<\/h3>\n<p class=\"lead\">In Balan\u00e7as Vesta temos a vis\u00e3o de ser um l\u00edder no mercado mundial de instrumentos de pesagem, gra\u00e7as \u00e0 cont\u00ednua inova\u00e7\u00e3o tecnol\u00f3gica de nossos produtos e da habilidade e experi\u00eancia da nossa equipe.<\/p>\n<p>[\/vc_column_text][\/vc_column][\/vc_row][vc_row full_width=&#8221;stretch_row&#8221; parallax=&#8221;content-moving&#8221; parallax_image=&#8221;782&#8243; css=&#8221;.vc_custom_1456934750873{margin-top: 80px !important;padding-top: 50px !important;padding-bottom: 50px !important;}&#8221;][vc_column][vc_column_text el_class=&#8221;action-title&#8221;]<\/p>\n<h2 style=\"text-align: center;\">Se voc\u00ea estiver procurando por um <strong>Empresa Inovadora<\/strong><br \/>\nque atenda \u00e0s suas necessidades de pesagem &#8230;<\/h2>\n<p>[\/vc_column_text][vc_empty_space height=&#8221;10px&#8221;][vc_row_inner][vc_column_inner width=&#8221;1\/2&#8243;][vc_btn title=&#8221;Contate Vesta S.A.&#8221; style=&#8221;3d&#8221; color=&#8221;default&#8221; align=&#8221;right&#8221; link=&#8221;url:https%3A%2F%2Fbalanzasvesta.com%2Fcontacto%2F||&#8221; el_class=&#8221;btn-preset&#8221;][\/vc_column_inner][vc_column_inner width=&#8221;1\/2&#8243;][vc_btn title=&#8221;Nossos produtos&#8221; style=&#8221;3d&#8221; color=&#8221;default&#8221; align=&#8221;left&#8221; link=&#8221;url:%23||&#8221; el_class=&#8221;btn-preset dark&#8221;][\/vc_column_inner][\/vc_row_inner][\/vc_column][\/vc_row][vc_row][vc_column width=&#8221;1\/2&#8243;]<div class=\"bizspeak-title bizspeak-title-style1 \" style=\"text-align:left\"><h2 class=\"title-border\" style=\"text-transform:uppercase;padding:0px 0px 50px 0px;margin:25px auto 0px;font-weight:300;font-size:26px;color:;\">Not\u00edcias e Atualiza\u00e7\u00f5es<\/h2><\/div><div class=\"bizspeak-latest-post \"><div id=\"news-carousel\" class=\"owl-carousel owl-theme news-slide\"><div class=\"item\"><div class=\"thw-latest-post\"><a href=\"https:\/\/balanzasvesta.com\/pt-br\/noticia\/agroactiva-2020\/\"><img loading=\"lazy\" decoding=\"async\" width=\"600\" height=\"450\" src=\"https:\/\/balanzasvesta.com\/wp-content\/uploads\/BalanzasVesta-Agroactiva_2020-600x450.jpg\" class=\"img-responsive wp-post-image\" alt=\"BalanzasVesta-Agroactiva_2020\" \/><\/a><div class=\"post-item-date\"><span class=\"post-date-day\">26<\/span><span class=\"post-date-month\">out<\/span><\/div><div class=\"post-body\"><h4><a href=\"https:\/\/balanzasvesta.com\/pt-br\/noticia\/agroactiva-2020\/\">Balan\u00e7as Vesta estar\u00e1 em mais uma edi\u00e7\u00e3o da AgroActiva Virtual 2020<\/a><\/h4><p>Balan\u00e7as Vesta estar\u00e1 em mais uma edi\u00e7\u00e3o da AgroActiva Virtual 2020, maior feira agr\u00edcola da <\/p><a href=\"https:\/\/balanzasvesta.com\/pt-br\/noticia\/agroactiva-2020\/\" class=\"read-more\"> Read More <i class=\"fa fa fa-long-arrow-right\"><\/i><\/a><\/div><\/div><\/div><div class=\"item\"><div class=\"thw-latest-post\"><a href=\"https:\/\/balanzasvesta.com\/pt-br\/noticia\/7o-congresso-de-pecuaria-de-rosario-2020\/\"><img loading=\"lazy\" decoding=\"async\" width=\"600\" height=\"450\" src=\"https:\/\/balanzasvesta.com\/wp-content\/uploads\/7-congreso-ganadero-rosario-2020-2-600x450.jpg\" class=\"img-responsive wp-post-image\" alt=\"7-congreso-ganadero-rosario-2020-2\" \/><\/a><div class=\"post-item-date\"><span class=\"post-date-day\">31<\/span><span class=\"post-date-month\">jul<\/span><\/div><div class=\"post-body\"><h4><a href=\"https:\/\/balanzasvesta.com\/pt-br\/noticia\/7o-congresso-de-pecuaria-de-rosario-2020\/\">7\u00ba Congresso de Pecu\u00e1ria de Ros\u00e1rio 2020 na Edi\u00e7\u00e3o Online<\/a><\/h4><p>Em Vesta Scales, acompanhamos a realiza\u00e7\u00e3o do 7\u00ba Congresso de Pecu\u00e1ria de Ros\u00e1rio 2020 em sua <\/p><a href=\"https:\/\/balanzasvesta.com\/pt-br\/noticia\/7o-congresso-de-pecuaria-de-rosario-2020\/\" class=\"read-more\"> Read More <i class=\"fa fa fa-long-arrow-right\"><\/i><\/a><\/div><\/div><\/div><div class=\"item\"><div class=\"thw-latest-post\"><a href=\"https:\/\/balanzasvesta.com\/pt-br\/noticia\/expoagro-2020\/\"><img loading=\"lazy\" decoding=\"async\" width=\"600\" height=\"450\" src=\"https:\/\/balanzasvesta.com\/wp-content\/uploads\/BalanzasVesta-bANNER-Expoagro-2020-1-600x450.jpg\" class=\"img-responsive wp-post-image\" alt=\"expoagro 2020 banner\" \/><\/a><div class=\"post-item-date\"><span class=\"post-date-day\">17<\/span><span class=\"post-date-month\">fev<\/span><\/div><div class=\"post-body\"><h4><a href=\"https:\/\/balanzasvesta.com\/pt-br\/noticia\/expoagro-2020\/\">ExpoAgro 2020 excelentes novidades e descontos exclusivos<\/a><\/h4><p>Balan\u00e7as Vesta acompanhar\u00e1 a edi\u00e7\u00e3o Expoagro 2020, marcando um novo marco em exposi\u00e7\u00f5es de <\/p><a href=\"https:\/\/balanzasvesta.com\/pt-br\/noticia\/expoagro-2020\/\" class=\"read-more\"> Read More <i class=\"fa fa fa-long-arrow-right\"><\/i><\/a><\/div><\/div><\/div><div class=\"item\"><div class=\"thw-latest-post\"><a href=\"https:\/\/balanzasvesta.com\/pt-br\/noticia\/6-congresso-de-pecuaria-do-rosario-2019\/\"><img loading=\"lazy\" decoding=\"async\" width=\"600\" height=\"450\" src=\"https:\/\/balanzasvesta.com\/wp-content\/uploads\/congresoganaderorosario2019-vesta-02-600x450.jpg\" class=\"img-responsive wp-post-image\" alt=\"congreso ganadero rosario 2019 Balanzas Vesta\" \/><\/a><div class=\"post-item-date\"><span class=\"post-date-day\">08<\/span><span class=\"post-date-month\">jun<\/span><\/div><div class=\"post-body\"><h4><a href=\"https:\/\/balanzasvesta.com\/pt-br\/noticia\/6-congresso-de-pecuaria-do-rosario-2019\/\">6\u00ba Congresso de Pecu\u00e1ria do Ros\u00e1rio 2019<\/a><\/h4><p>O 6\u00ba Congresso de Pecu\u00e1ria do Ros\u00e1rio 2019 ter\u00e1 a presen\u00e7a da Balancas Vesta com promo\u00e7\u00f5es <\/p><a href=\"https:\/\/balanzasvesta.com\/pt-br\/noticia\/6-congresso-de-pecuaria-do-rosario-2019\/\" class=\"read-more\"> Read More <i class=\"fa fa fa-long-arrow-right\"><\/i><\/a><\/div><\/div><\/div><div class=\"item\"><div class=\"thw-latest-post\"><a href=\"https:\/\/balanzasvesta.com\/pt-br\/noticia\/expoagro-2019\/\"><img loading=\"lazy\" decoding=\"async\" width=\"600\" height=\"450\" src=\"https:\/\/balanzasvesta.com\/wp-content\/uploads\/BalanzasVesta-Banner-Expoagro-2019-600x450.jpg\" class=\"img-responsive wp-post-image\" alt=\"BalanzasVesta-Banner-Expoagro-2019\" \/><\/a><div class=\"post-item-date\"><span class=\"post-date-day\">18<\/span><span class=\"post-date-month\">fev<\/span><\/div><div class=\"post-body\"><h4><a href=\"https:\/\/balanzasvesta.com\/pt-br\/noticia\/expoagro-2019\/\">ExpoAgro 2019 excelentes novidades e descontos exclusivos<\/a><\/h4><p>Balan\u00e7as Vesta acompanhar\u00e1 a edi\u00e7\u00e3o Expoagro 2019, marcando um novo marco em exposi\u00e7\u00f5es de <\/p><a href=\"https:\/\/balanzasvesta.com\/pt-br\/noticia\/expoagro-2019\/\" class=\"read-more\"> Read More <i class=\"fa fa fa-long-arrow-right\"><\/i><\/a><\/div><\/div><\/div><div class=\"item\"><div class=\"thw-latest-post\"><a href=\"https:\/\/balanzasvesta.com\/pt-br\/noticia\/direcao-de-balancas-vesta\/\"><img loading=\"lazy\" decoding=\"async\" width=\"600\" height=\"424\" src=\"https:\/\/balanzasvesta.com\/wp-content\/uploads\/BalanzasVesta-Folleto800x550-Mudanza.jpg\" class=\"img-responsive wp-post-image\" alt=\"\" srcset=\"https:\/\/balanzasvesta.com\/wp-content\/uploads\/BalanzasVesta-Folleto800x550-Mudanza.jpg 800w, https:\/\/balanzasvesta.com\/wp-content\/uploads\/BalanzasVesta-Folleto800x550-Mudanza-300x212.jpg 300w\" sizes=\"auto, (max-width: 600px) 100vw, 600px\" \/><\/a><div class=\"post-item-date\"><span class=\"post-date-day\">10<\/span><span class=\"post-date-month\">set<\/span><\/div><div class=\"post-body\"><h4><a href=\"https:\/\/balanzasvesta.com\/pt-br\/noticia\/direcao-de-balancas-vesta\/\">An\u00fancio Importante: Nova Dire\u00e7\u00e3o de Balan\u00e7as Vesta<\/a><\/h4><p>O endere\u00e7o da Balan\u00e7as Vesta em outubro de 2018 \u00e9: Av. Francia 134, Rosario, Santa F\u00e9, <\/p><a href=\"https:\/\/balanzasvesta.com\/pt-br\/noticia\/direcao-de-balancas-vesta\/\" class=\"read-more\"> Read More <i class=\"fa fa fa-long-arrow-right\"><\/i><\/a><\/div><\/div><\/div><\/div><\/div><script type=\"text\/javascript\">\n\t\t\tjQuery(document).ready(function($){\n\t\t\t\t\t$(\"#news-carousel\").owlCarousel({\n\t\t\t\t    loop:true,\n\t\t\t\t    margin:20,\n\t\t\t\t    responsiveClass:true,\n\t\t\t\t    autoplay:true,\n\t\t\t\t    dots: true,\n\t\t\t\t    animateOut:true,\n\t\t\t\t    responsive:{\n\t\t\t\t        0:{\n\t\t\t\t            items:1,\n\t\t\t\t        },\n\t\t\t\t        600:{\n\t\t\t\t            items:2,\n\t\t\t\t        },\n\t\t\t\t        1000:{\n\t\t\t\t            items:2,\n\t\t\t\t            loop:false\n\t\t\t\t        }\n\t\t\t\t    }\n\t\t\t\t})\t\n\n\t\t\t});\n\t\t<\/script>[\/vc_column][vc_column width=&#8221;1\/2&#8243;]<div class=\"bizspeak-title bizspeak-title-style1 \" style=\"text-align:left\"><h2 class=\"title-border\" style=\"text-transform:uppercase;padding:0px 0px 50px 0px;margin:25px auto 0px;font-weight:300;font-size:26px;color:;\">VIDEO INSTITUCIONAL<\/h2><\/div>[vc_video link=&#8221;https:\/\/www.youtube.com\/watch?v=nTqrRopsRd8&#8243;][\/vc_column][\/vc_row]<\/p>\n","protected":false},"excerpt":{"rendered":"<p>[vc_row][vc_column][vc_column_text] N\u00f3s ajudamos a nossos clientes a melhorar sua produtividade e efici\u00eancia, fornecendo solu\u00e7\u00f5es de pesagem desde 1990. In VESTA S.A. direcionamos nossos esfor\u00e7os para o desenvolvimento, fabrica\u00e7\u00e3o e servi\u00e7o de balan\u00e7as electr\u00f3nicas para aplica\u00e7\u00f5es agr\u00edcolas e industriais. [\/vc_column_text][vc_empty_space height=&#8221;0px&#8221;][\/vc_column][vc_column width=&#8221;1\/3&#8243;][vc_single_image image=&#8221;611&#8243; img_size=&#8221;full&#8221; style=&#8221;vc_box_shadow_3d&#8221;][\/vc_column][vc_column width=&#8221;2\/3&#8243;][vc_empty_space height=&#8221;10px&#8221;][vc_column_text]N\u00f3s temos nossa pr\u00f3pria tecnologia e equipe altamente treinados nas [&hellip;]<\/p>\n","protected":false},"author":3,"featured_media":0,"parent":0,"menu_order":0,"comment_status":"closed","ping_status":"closed","template":"","meta":{"footnotes":""},"class_list":["post-1129","page","type-page","status-publish","hentry"],"yoast_head":"<!-- This site is optimized with the Yoast SEO plugin v26.9 - https:\/\/yoast.com\/product\/yoast-seo-wordpress\/ -->\n<title>Informa\u00e7\u00f5es sobre Balan\u00e7as Vesta<\/title>\n<meta name=\"description\" content=\"Balan\u00e7as Vesta fabrica solu\u00e7\u00f5es de pesagem para a agricultura e ind\u00fastria. Se voc\u00ea quiser saber mais sobre n\u00f3s, entre aqui.\" \/>\n<meta name=\"robots\" content=\"index, follow, max-snippet:-1, max-image-preview:large, max-video-preview:-1\" \/>\n<link rel=\"canonical\" href=\"https:\/\/balanzasvesta.com\/pt-br\/sobre-nos\/\" \/>\n<meta property=\"og:locale\" content=\"pt_BR\" \/>\n<meta property=\"og:type\" content=\"article\" \/>\n<meta property=\"og:title\" content=\"Informa\u00e7\u00f5es sobre Balan\u00e7as Vesta\" \/>\n<meta property=\"og:description\" content=\"Balan\u00e7as Vesta fabrica solu\u00e7\u00f5es de pesagem para a agricultura e ind\u00fastria. Se voc\u00ea quiser saber mais sobre n\u00f3s, entre aqui.\" \/>\n<meta property=\"og:url\" content=\"https:\/\/balanzasvesta.com\/pt-br\/sobre-nos\/\" \/>\n<meta property=\"og:site_name\" content=\"Balanzas Vesta S.A.\" \/>\n<meta property=\"article:modified_time\" content=\"2016-06-06T19:47:15+00:00\" \/>\n<meta name=\"twitter:card\" content=\"summary_large_image\" \/>\n<meta name=\"twitter:label1\" content=\"Est. tempo de leitura\" \/>\n\t<meta name=\"twitter:data1\" content=\"3 minutos\" \/>\n<script type=\"application\/ld+json\" class=\"yoast-schema-graph\">{\"@context\":\"https:\/\/schema.org\",\"@graph\":[{\"@type\":\"WebPage\",\"@id\":\"https:\/\/balanzasvesta.com\/pt-br\/sobre-nos\/\",\"url\":\"https:\/\/balanzasvesta.com\/pt-br\/sobre-nos\/\",\"name\":\"Informa\u00e7\u00f5es sobre Balan\u00e7as Vesta\",\"isPartOf\":{\"@id\":\"https:\/\/balanzasvesta.com\/#website\"},\"datePublished\":\"2016-02-24T22:09:36+00:00\",\"dateModified\":\"2016-06-06T19:47:15+00:00\",\"description\":\"Balan\u00e7as Vesta fabrica solu\u00e7\u00f5es de pesagem para a agricultura e ind\u00fastria. Se voc\u00ea quiser saber mais sobre n\u00f3s, entre aqui.\",\"breadcrumb\":{\"@id\":\"https:\/\/balanzasvesta.com\/pt-br\/sobre-nos\/#breadcrumb\"},\"inLanguage\":\"pt-BR\",\"potentialAction\":[{\"@type\":\"ReadAction\",\"target\":[\"https:\/\/balanzasvesta.com\/pt-br\/sobre-nos\/\"]}]},{\"@type\":\"BreadcrumbList\",\"@id\":\"https:\/\/balanzasvesta.com\/pt-br\/sobre-nos\/#breadcrumb\",\"itemListElement\":[{\"@type\":\"ListItem\",\"position\":1,\"name\":\"Home\",\"item\":\"https:\/\/balanzasvesta.com\/pt-br\/\"},{\"@type\":\"ListItem\",\"position\":2,\"name\":\"Sobre n\u00f3s\"}]},{\"@type\":\"WebSite\",\"@id\":\"https:\/\/balanzasvesta.com\/#website\",\"url\":\"https:\/\/balanzasvesta.com\/\",\"name\":\"Balanzas Vesta S.A.\",\"description\":\"Balan\u00e7as para Agro e Ind\u00fastria\",\"potentialAction\":[{\"@type\":\"SearchAction\",\"target\":{\"@type\":\"EntryPoint\",\"urlTemplate\":\"https:\/\/balanzasvesta.com\/?s={search_term_string}\"},\"query-input\":{\"@type\":\"PropertyValueSpecification\",\"valueRequired\":true,\"valueName\":\"search_term_string\"}}],\"inLanguage\":\"pt-BR\"}]}<\/script>\n<!-- \/ Yoast SEO plugin. -->","yoast_head_json":{"title":"Informa\u00e7\u00f5es sobre Balan\u00e7as Vesta","description":"Balan\u00e7as Vesta fabrica solu\u00e7\u00f5es de pesagem para a agricultura e ind\u00fastria. Se voc\u00ea quiser saber mais sobre n\u00f3s, entre aqui.","robots":{"index":"index","follow":"follow","max-snippet":"max-snippet:-1","max-image-preview":"max-image-preview:large","max-video-preview":"max-video-preview:-1"},"canonical":"https:\/\/balanzasvesta.com\/pt-br\/sobre-nos\/","og_locale":"pt_BR","og_type":"article","og_title":"Informa\u00e7\u00f5es sobre Balan\u00e7as Vesta","og_description":"Balan\u00e7as Vesta fabrica solu\u00e7\u00f5es de pesagem para a agricultura e ind\u00fastria. Se voc\u00ea quiser saber mais sobre n\u00f3s, entre aqui.","og_url":"https:\/\/balanzasvesta.com\/pt-br\/sobre-nos\/","og_site_name":"Balanzas Vesta S.A.","article_modified_time":"2016-06-06T19:47:15+00:00","twitter_card":"summary_large_image","twitter_misc":{"Est. tempo de leitura":"3 minutos"},"schema":{"@context":"https:\/\/schema.org","@graph":[{"@type":"WebPage","@id":"https:\/\/balanzasvesta.com\/pt-br\/sobre-nos\/","url":"https:\/\/balanzasvesta.com\/pt-br\/sobre-nos\/","name":"Informa\u00e7\u00f5es sobre Balan\u00e7as Vesta","isPartOf":{"@id":"https:\/\/balanzasvesta.com\/#website"},"datePublished":"2016-02-24T22:09:36+00:00","dateModified":"2016-06-06T19:47:15+00:00","description":"Balan\u00e7as Vesta fabrica solu\u00e7\u00f5es de pesagem para a agricultura e ind\u00fastria. Se voc\u00ea quiser saber mais sobre n\u00f3s, entre aqui.","breadcrumb":{"@id":"https:\/\/balanzasvesta.com\/pt-br\/sobre-nos\/#breadcrumb"},"inLanguage":"pt-BR","potentialAction":[{"@type":"ReadAction","target":["https:\/\/balanzasvesta.com\/pt-br\/sobre-nos\/"]}]},{"@type":"BreadcrumbList","@id":"https:\/\/balanzasvesta.com\/pt-br\/sobre-nos\/#breadcrumb","itemListElement":[{"@type":"ListItem","position":1,"name":"Home","item":"https:\/\/balanzasvesta.com\/pt-br\/"},{"@type":"ListItem","position":2,"name":"Sobre n\u00f3s"}]},{"@type":"WebSite","@id":"https:\/\/balanzasvesta.com\/#website","url":"https:\/\/balanzasvesta.com\/","name":"Balanzas Vesta S.A.","description":"Balan\u00e7as para Agro e Ind\u00fastria","potentialAction":[{"@type":"SearchAction","target":{"@type":"EntryPoint","urlTemplate":"https:\/\/balanzasvesta.com\/?s={search_term_string}"},"query-input":{"@type":"PropertyValueSpecification","valueRequired":true,"valueName":"search_term_string"}}],"inLanguage":"pt-BR"}]}},"_links":{"self":[{"href":"https:\/\/balanzasvesta.com\/pt-br\/wp-json\/wp\/v2\/pages\/1129","targetHints":{"allow":["GET"]}}],"collection":[{"href":"https:\/\/balanzasvesta.com\/pt-br\/wp-json\/wp\/v2\/pages"}],"about":[{"href":"https:\/\/balanzasvesta.com\/pt-br\/wp-json\/wp\/v2\/types\/page"}],"author":[{"embeddable":true,"href":"https:\/\/balanzasvesta.com\/pt-br\/wp-json\/wp\/v2\/users\/3"}],"replies":[{"embeddable":true,"href":"https:\/\/balanzasvesta.com\/pt-br\/wp-json\/wp\/v2\/comments?post=1129"}],"version-history":[{"count":0,"href":"https:\/\/balanzasvesta.com\/pt-br\/wp-json\/wp\/v2\/pages\/1129\/revisions"}],"wp:attachment":[{"href":"https:\/\/balanzasvesta.com\/pt-br\/wp-json\/wp\/v2\/media?parent=1129"}],"curies":[{"name":"wp","href":"https:\/\/api.w.org\/{rel}","templated":true}]}}